{"id":13,"date":"2021-03-11T20:19:02","date_gmt":"2021-03-11T19:19:02","guid":{"rendered":"https:\/\/www.kth.se\/blogs\/nslab\/?page_id=13"},"modified":"2026-01-28T14:30:49","modified_gmt":"2026-01-28T13:30:49","slug":"publications","status":"publish","type":"page","link":"https:\/\/www.kth.se\/blogs\/nslab\/publications\/","title":{"rendered":"Select Publications"},"content":{"rendered":"<div class=\"post-content-wrapper\"><p>Some of our recent publications are:<\/p>\n<ul>\n<li>&#8220;<a href=\"https:\/\/dejankosticgithub.github.io\/documents\/publications\/queuemem-nsdi26.pdf\"><strong>Queue-Mem: Energy-Efficient Hardware Storage for Advanced Network Function Acceleration<\/strong><\/a>&#8220;, Mariano Scazzariello, Tommaso Caiazzi, Hamid Ghasemirahni, Dejan Kosti\u0107, and Marco Chiesa, <em>Proceedings of the 23rd USENIX Symposium on Networked Systems Design and Implementation (<strong>NSDI<\/strong>)<\/em>, May 2026. <em>To appear<\/em><\/li>\n<li>&#8220;<a href=\"https:\/\/openreview.net\/forum?id=F7rUng23nw\"><strong>KVComm: Enabling Efficient LLM Communication through Selective KV Sharing<\/strong><\/a>&#8220;, Xiangyu Shi, Marco Chiesa, Gerald Q. Maguire Jr., and Dejan Kostic, <em>Proceedings of the Fourteenth International Conference on Learning Representation (<strong>ICLR<\/strong>)<\/em>. April 2026, <em>To appear<\/em><\/li>\n<li>&#8220;<a href=\"https:\/\/dejankosticgithub.github.io\/documents\/publications\/fajita-conext24.pdf\"><strong>FAJITA: Stateful Packet Processing at 100 Million pps<\/strong><\/a>&#8220;, Hamid Ghasemirahni, Alireza Farshin, Mariano Scazzariello, Gerald Q. Maguire Jr., Dejan Kosti\u0107, and Marco Chiesa, <em>Proceedings of the 20th International Conference on emerging Networking EXperiments and Technologies (<strong>ACM CoNEXT<\/strong><\/em>), December 2024.<\/li>\n<li>&#8220;<a href=\"https:\/\/dejankosticgithub.github.io\/documents\/publications\/netconfeval-conext24.pdf\"><strong>NetConfEval: Can LLMs Facilitate Network Configuration?<\/strong><\/a>&#8220;, Changjie Wang, Mariano Scazzariello, Alireza Farshin, Simone Ferlin, Dejan Kosti\u0107, and Marco Chiesa, <em>Proceedings of the 20th International Conference on emerging Networking EXperiments and Technologies (<strong>ACM CoNEXT<\/strong><\/em>), December 2024.<\/li>\n<li><a href=\"https:\/\/dejankosticgithub.github.io\/documents\/publications\/fmmhead-icprai24.pdf\">&#8220;<strong>FMM-Head: Enhancing Autoencoder-based ECG anomaly detection with prior knowledge<\/strong>&#8220;<\/a>, Giacomo Verardo, Magnus Boman, Samuel Bruchfeld, Marco Chiesa, Sabine Koch, Gerald Q. Maguire Jr., and Dejan Kosti\u0107,\u00a0<em>Proceedings of the 4th International Conference on Pattern Recognition and Artificial Intelligence (<strong>ICPRAI<\/strong>). July 2024.\u00a0<\/em><\/li>\n<li>&#8220;<a href=\"https:\/\/dl.acm.org\/doi\/abs\/10.1145\/3583120.3586957\"><strong>DeepGANTT: A Scalable Deep Learning Scheduler for Backscatter Networks<\/strong><\/a>&#8220;, Daniel F. Perez-Ramirez, Carlos Perez-Penichet, Nicolas Tsiftes, Thiemo Voigt, Dejan Kosti\u0107, and Magnus Boman, <em>Proceedings of the 22<sup>nd<\/sup> ACM\/IEEE International Conference on Information Processing in Sensor Networks (<strong>IPSN<\/strong>)<\/em>, 2023.<\/li>\n<li>&#8220;<a href=\"https:\/\/dejankosticgithub.github.io\/documents\/publications\/ribosome-nsdi23.pdf\"><strong>A High-Speed Stateful Packet Processing Approach for Tbps Programmable Switches<\/strong><\/a>&#8220;, Mariano Scazzariello, Tommaso Caiazzi, Hamid Ghasemirahni, Tom Barbette, Dejan Kosti\u0107, and Marco Chiesa, <em>Proceedings of the 20th USENIX Symposium on Networked Systems Design and Implementation (<strong>NSDI<\/strong>)<\/em>, April 2023.<\/li>\n<li>&#8220;<a href=\"http:\/\/www.diva-portal.org\/smash\/record.jsf?pid=diva2:1552734\"><strong>Packet Order Matters! Improving Application Performance by Deliberately Delaying Packets<\/strong><\/a>&#8220;, Hamid Ghasemirahni, Tom Barbette, Georgios P. Katsikas, Alireza Farshin, Amir Roozbeh, Massimo Girondi, Marco Chiesa, Gerald Q. Maguire Jr., and Dejan Kostic, <em>Proceedings of the 19th USENIX Symposium on Networked Systems Design and Implementation (<strong>NSDI<\/strong>)<\/em>, April 2022. <em><strong>Community Award!<\/strong><\/em><\/li>\n<li>&#8220;<a href=\"http:\/\/kth.diva-portal.org\/smash\/record.jsf?pid=diva2%3A1641437&amp;dswid=7569\"><strong>RDMA is Turing complete, we just did not know it yet!<\/strong><\/a>&#8220;, Waleed Reda, Marco Canini, Dejan Kostic, and Simon Peter, <em>Proceedings of the 19th USENIX Symposium on Networked Systems Design and Implementation (<strong>NSDI<\/strong>)<\/em>, April 2022.<\/li>\n<li>&#8220;<a href=\"https:\/\/kth.diva-portal.org\/smash\/record.jsf?aq2=%5B%5B%5D%5D&amp;c=1&amp;af=%5B%5D&amp;searchType=SIMPLE&amp;sortOrder2=title_sort_asc&amp;query=linefs&amp;language=en&amp;pid=diva2%3A1608645&amp;aq=%5B%5B%5D%5D&amp;sf=all&amp;aqe=%5B%5D&amp;sortOrder=author_sort_asc&amp;onlyFullText=false&amp;noOfRows=50&amp;dswid=1589\"><strong>LineFS: Efficient SmartNIC Offload of a Distributed File System with Pipeline Parallelism<\/strong><\/a>&#8220;, Jongyul Kim, Insu Jang, Waleed Reda, Marco Canini, Dejan Kostic, Youngjin Kwon, Simon Peter, and Emmett Witchel, <em>Proceedings of the 28th ACM Symposium on Operating Systems Principles (<strong>SOSP<\/strong>)<\/em>, October 2021. <em><strong>Best Paper Award!<\/strong><\/em><\/li>\n<li>&#8220;<strong><a href=\"http:\/\/kth.diva-portal.org\/smash\/record.jsf?pid=diva2%3A1579775&amp;dswid=-3872\">Metron: High Performance NFV Service Chaining Even in the Presence of Blackboxes<\/a><\/strong>&#8220;, Georgios Katsikas, Tom Barbette, Dejan Kosti\u0107, Gerald Q. Maguire Jr., and Rebecca Steinert, ACM Transactions on Computer Systems (TOCS), July 2021.<\/li>\n<li>\u201c<a href=\"http:\/\/kth.diva-portal.org\/smash\/record.jsf?pid=diva2%3A1527198&amp;dswid=7068\"><strong>PacketMill: Toward per-core 100-Gbps Networking<\/strong><\/a>\u201c, Alireza Farshin, Tom Barbette, Amir Roozbeh, Gerald Q. Maguire Jr., and Dejan Kosti\u0107, Proceedings of the 26th International Conference on Architectural Support for Programming Languages and Operating Systems (<strong><em>ASPLOS<\/em><\/strong>), April 2021.<\/li>\n<li>\u201c<a href=\"https:\/\/www.diva-portal.org\/smash\/record.jsf?pid=diva2%3A1541047&amp;dswid=4855\"><strong>What you need to know about (Smart) Network Interface Cards<\/strong><\/a>\u201c, Georgios P. Katsikas, Tom Barbette, Marco Chiesa, Dejan Kostic, and Gerald Q. Maguire Jr., Proceedings of The Passive and Active Measurement Conference (<strong><em>PAM<\/em><\/strong>) 2021. April 2021<em>.<\/em><\/li>\n<li>\u201c<a href=\"https:\/\/kth.diva-portal.org\/smash\/record.jsf?aq2=%5B%5B%5D%5D&amp;c=1&amp;af=%5B%5D&amp;searchType=SIMPLE&amp;sortOrder2=title_sort_asc&amp;query=Assise&amp;language=en&amp;pid=diva2%3A1499219&amp;aq=%5B%5B%5D%5D&amp;sf=all&amp;aqe=%5B%5D&amp;sortOrder=author_sort_asc&amp;onlyFullText=false&amp;noOfRows=50&amp;dswid=-9769\"><strong>Assise: Performance and Availability via Client-local NVM in a Distributed File System<\/strong><\/a>\u201c, Thomas E Anderson, Marco Canini, Jongyul Kim, Dejan Kosti\u0107, Youngjin Kwon, Simon Peter, Waleed Reda, Henry N Schuh, Emmett Witchel, Proceedings of the 14th USENIX Symposium on Operating Systems Design and Implementation (<em><strong>OSDI<\/strong><\/em>), November 2020.<\/li>\n<li>\u201c<a href=\"https:\/\/www.usenix.org\/conference\/atc20\/presentation\/farshin\"><strong>Reexamining Direct Cache Access to Optimize I\/O Intensive Applications for Multi-hundred-gigabit Networks<\/strong><\/a>\u201c, Alireza Farshin, Amir Roozbeh, Gerald Q. Maguire Jr., and Dejan Kosti\u0107, Proceedings of the USENIX Annual Technical Conference (<em><strong>USENIX ATC<\/strong><\/em>), July 2020.<\/li>\n<li><strong>\u201c<a href=\"https:\/\/kth.diva-portal.org\/smash\/record.jsf?pid=diva2%3A1432918&amp;dswid=4753\">Path Persistence in the Cloud: A Study of the Effects of Inter-Region Traffic Engineering in a Large Cloud Provider\u2019s Network<\/a>\u201c<\/strong>, Waleed Reda, Kirill Bogdanov, Alexandros Milolidakis, Hamid Ghasemirahni, Marco Chiesa, Gerald Q. Maguire Jr., and Dejan Kosti\u0107,\u00a0<em>SIGCOMM Computer Communication Review (<strong>SIGCOMM CCR<\/strong>), April 2020.<\/em><\/li>\n<li>\u201c<a href=\"https:\/\/www.usenix.org\/conference\/nsdi20\/presentation\/barbette\"><strong>A High-Speed Load-Balancer Design with Guaranteed Per-Connection-Consistency<\/strong><\/a>\u201c, Tom Barbette, Chen Tang, Haoran Yao, Dejan Kosti\u0107, Gerald Q. Maguire Jr., Panagiotis Papadimitratos, and Marco Chiesa, Proceedings of the 17th USENIX Symposium on Networked Systems Design and Implementation (<strong><em>NSDI<\/em><\/strong>), February 2020.<\/li>\n<li>\u201c<a href=\"https:\/\/kth.diva-portal.org\/smash\/record.jsf?pid=diva2%3A1371780&amp;dswid=3643\"><strong>RSS++: Load and State-Aware Receive Side Scaling<\/strong><\/a>\u201c, Tom Barbette, Georgios Katsikas, Gerald Q. Maguire Jr., and Dejan Kosti\u0107, Proceedings of the 15th International Conference on emerging Networking EXperiments and Technologies (<em><strong>ACM CoNEXT<\/strong><\/em>), December 2019.<\/li>\n<li>\u201c<strong><a href=\"http:\/\/kth.diva-portal.org\/smash\/record.jsf?pid=diva2%3A1291291&amp;dswid=-2894\">Make the Most out of Last Level Cache in Intel Processors<\/a><\/strong>\u201c, Alireza Farshin, Amir Roozbeh, Gerald Q. Maguire Jr., and Dejan Kosti\u0107,\u00a0<em>Proceedings of the Fourteenth European Conference on Computer Systems (<strong>EuroSys<\/strong><\/em>), March 2019.<\/li>\n<li>\u201c<a href=\"https:\/\/people.kth.se\/~dejanko\/documents\/publications\/kurma-socc18.pdf\"><strong>Fast and Accurate Load Balancing for Geo-Distributed Storage Systems<\/strong><\/a>\u201c, Kirill Bogdanov, Waleed Reda, Gerald Q. Maguire Jr., Dejan Kosti\u0107, and Marco Canini, Proceedings of the ACM Symposium on Cloud Computing 2018 (<strong><em>ACM SoCC<\/em><\/strong>), October 2018.<\/li>\n<li>\u201c<a href=\"http:\/\/kth.diva-portal.org\/smash\/record.jsf?pid=diva2%3A1184756&amp;dswid=7754\"><strong>Metron: NFV Service Chains at the True Speed of the Underlying Hardware<\/strong><\/a>\u201c, Georgios Katsikas, Tom Barbette, Dejan Kosti\u0107, Rebecca Steinert, and Gerald Q. Maguire Jr., Proceedings of the 15th USENIX Symposium on Networked Systems Design and Implementation (<strong>NSDI<\/strong>), April 2018<\/li>\n<li>\u201c<a href=\"https:\/\/people.kth.se\/~dejanko\/documents\/publications\/rein-eurosys17.pdf\"><strong>Rein: Taming Tail Latency in Key-Value Stores via Multiget Scheduling<\/strong><\/a>\u201c, Waleed Reda, Marco Canini, Lalith Suresh, Dejan Kosti\u0107, and Sean Braithwaite,\u00a0<em>Proceedings of the Twelfth European Conference on Computer Systems (<strong>EuroSys<\/strong><\/em>), April 2017.<\/li>\n<li><a href=\"https:\/\/peerj.com\/articles\/cs-98\/\"><strong>SNF: Synthesizing high performance NFV service chains<\/strong><\/a>, Georgios Katsikas, Marcel Enguehard, Maciej Ku\u017aniar, Gerald Q. Maguire Jr., and Dejan Kosti\u0107,\u00a0<em>PeerJ Computer Science\u00a0<span class=\"self-citation-volume\">2<\/span>:<span class=\"self-citation-elocation\">e98<\/span>,<\/em>\u00a02016.<\/li>\n<li><strong><a href=\"http:\/\/kth.diva-portal.org\/smash\/record.jsf?pid=diva2%3A867614&amp;dswid=-7721\">Monocle: Dynamic, Fine-Grained Data Plane Monitoring<\/a><\/strong>, Peter Pere\u0161\u00edni, Maciej Kuzniar, and Dejan Kosti\u0107,\u00a0<em>Proceedings of the 11th International Conference on emerging Networking EXperiments and Technologies (<strong>ACM CoNEXT<\/strong>)<\/em>, December 2015.<\/li>\n<li><strong><a href=\"http:\/\/urn.kb.se\/resolve?urn=urn:nbn:se:kth:diva-171434\">The Nearest Replica Can Be Farther Than You Think<\/a><\/strong>, Kirill Bogdanov, Miguel Pe\u00f3n-Quir\u00f3s, Gerald Q. Maguire Jr., and Dejan Kosti\u0107,\u00a0<em>Proceedings of the ACM Symposium on Cloud Computing 2015<\/em>\u00a0<em>(<strong>ACM<\/strong>\u00a0<strong>SoCC<\/strong>),<\/em>\u00a0August 2015.<\/li>\n<li><strong><a href=\"http:\/\/kth.diva-portal.org\/smash\/record.jsf?pid=diva2%3A785946&amp;dswid=4196\">What You Need to Know About SDN Flow Tables<\/a><\/strong>, Maciej Kuzniar, Peter Pere\u0161\u00edni, and Dejan Kosti\u0107,\u00a0<em>Proceedings of the Passive and Active Measurement Conference (<strong>PAM<\/strong>)<\/em>, March 2015.<\/li>\n<\/ul>\n<\/div>","protected":false},"excerpt":{"rendered":"<p>Some of our recent publications are: &#8220;Queue-Mem: Energy-Efficient Hardware Storage for Advanced Network Function Acceleration&#8220;, Mariano Scazzariello, Tommaso Caiazzi, Hamid Ghasemirahni, Dejan Kosti\u0107, and Marco Chiesa, Proceedings of the 23rd USENIX Symposium on Networked Systems Design and Implementation (NSDI), May 2026. To appear &#8220;KVComm: Enabling Efficient LLM Communication through Selective KV Sharing&#8220;, Xiangyu Shi, Marco [&hellip;]<\/p>\n","protected":false},"author":621,"featured_media":0,"parent":0,"menu_order":1,"comment_status":"closed","ping_status":"closed","template":"","meta":{"inline_featured_image":false,"footnotes":""},"class_list":["post-13","page","type-page","status-publish","hentry"],"_links":{"self":[{"href":"https:\/\/www.kth.se\/blogs\/nslab\/wp-json\/wp\/v2\/pages\/13","targetHints":{"allow":["GET"]}}],"collection":[{"href":"https:\/\/www.kth.se\/blogs\/nslab\/wp-json\/wp\/v2\/pages"}],"about":[{"href":"https:\/\/www.kth.se\/blogs\/nslab\/wp-json\/wp\/v2\/types\/page"}],"author":[{"embeddable":true,"href":"https:\/\/www.kth.se\/blogs\/nslab\/wp-json\/wp\/v2\/users\/621"}],"replies":[{"embeddable":true,"href":"https:\/\/www.kth.se\/blogs\/nslab\/wp-json\/wp\/v2\/comments?post=13"}],"version-history":[{"count":26,"href":"https:\/\/www.kth.se\/blogs\/nslab\/wp-json\/wp\/v2\/pages\/13\/revisions"}],"predecessor-version":[{"id":55,"href":"https:\/\/www.kth.se\/blogs\/nslab\/wp-json\/wp\/v2\/pages\/13\/revisions\/55"}],"wp:attachment":[{"href":"https:\/\/www.kth.se\/blogs\/nslab\/wp-json\/wp\/v2\/media?parent=13"}],"curies":[{"name":"wp","href":"https:\/\/api.w.org\/{rel}","templated":true}]}}