{"id":2196,"date":"2024-01-11T10:21:05","date_gmt":"2024-01-11T09:21:05","guid":{"rendered":"https:\/\/www.kth.se\/blogs\/president\/?page_id=2196"},"modified":"2025-05-27T12:52:55","modified_gmt":"2025-05-27T11:52:55","slug":"more-on-anders-soderholm","status":"publish","type":"page","link":"https:\/\/www.kth.se\/blogs\/president\/more-on-anders-soderholm\/","title":{"rendered":"More on Anders S\u00f6derholm"},"content":{"rendered":"<div class=\"post-content-wrapper\"><div class=\"lead lead-paragraph\">\n<p class=\"lead-paragraph\">Anders S\u00f6derholm is the President of KTH as of 1 December 2022. He leads a KTH that takes the lead for a sustainable society. He has held a range of different positions in the academic sector, including a spell as Director General at UK\u00c4, the Swedish Higher Education Authority, between 2017\u20132022. He had a spell as Secretary General of the Association of Swedish Higher Education Institutions, SUHF. He was Vice Chancellor of Mid Sweden University 2008\u20132016, and Dean of Ume\u00e5 School of Business, Economics and Statistics 2000\u20132003.<\/p>\n<\/div>\n<p>Anders S\u00f6derholm\u2019s academic background is from Ume\u00e5 University, where he became a PhD in 1991 with a thesis on municipal industrial policies. He has been a Professor of Business Administration, and a researcher and teacher in industrial economics at KTH 1998\u20131999 and 2003\u20132004. He has also been a guest researcher at Stanford University and \u00c5bo Akademi University.<\/p>\n<p>As President, one of his goals is that KTH should continue to develop as a leading technical and international university for a sustainable future.<\/p>\n<h2>Publications<\/h2>\n<p>H\u00e4llgren, M. and S\u00f6derholm, A. (2023 forthcoming) \u201dProjects-as-practice. Taking stock and moving on\u201d, in Winch, G., Brunet, M. and Cao, D.<em>\u00a0Research Handbook on Complex Project Organizing,<\/em>\u00a0Edward Elgar.<\/p>\n<p>Jacobsson, M. and S\u00f6derholm, A. (2022), \u201cAn Essay on \u2018Homo Projecticus\u2019: Ontological Assumptions in the Projectified Society\u201d, International Journal of Project Management, 40 (4), 315-319.<\/p>\n<p>Jacobsson, M. &amp; S\u00f6derholm, A. (2020) \u201cProject studies beyond the straitjacket: An escape artist\u2019s manual\u201d, Project Management Journal, 51 (4), 411-419.<\/p>\n<p>Jacobsson, M., Lundin, R., &amp; S\u00f6derholm, A. (2016).\u201cTowards a multi-perspective research program on projects and temporary organizations: analyzing the Scandinavian turn and the rethinking effort\u201d, International Journal of Managing Projects in Business, 9 (4), 752-766.<\/p>\n<h2>Press images<\/h2>\n<p><a href=\"https:\/\/www.kth.se\/en\/om\/press\/pressbilder-1.2110\">Press images of Anders S\u00f6derholm<\/a><\/p>\n<h2>Contact<\/h2>\n<p>Phone: +46 (0)8-790 60 00<\/p>\n<p>E-mail:\u00a0<a href=\"mailto:rektor@kth.se\">rektor@kth.se<\/a><\/p>\n<h2>Anders S\u00f6derholm on social media<\/h2>\n<h3>Blog<\/h3>\n<p>Anders S\u00f6derholm writes in a personal way about what\u2019s happening in the academic sector and at KTH in research, education and collaboration \u2013 from both a narrow and a broad perspective. He blogs regularly starting the second week of December 2022.<\/p>\n<p><a href=\"https:\/\/www.kth.se\/blogs\/president\">Anders S\u00f6derholm&#8217;s blog<\/a><\/p>\n<p><a href=\"mailto:https:\/\/www.kth.se\/en\/om\/organisation\/rektor-och-ledning\/rektor-ledning-1.1059118\">Read more about KTH\u2019s Management<\/a><\/p>\n<\/div>","protected":false},"excerpt":{"rendered":"<p>Anders S\u00f6derholm is the President of KTH as of 1 December 2022. He leads a KTH that takes the lead for a sustainable society. He has held a range of different positions in the academic sector, including a spell as Director General at UK\u00c4, the Swedish Higher Education Authority, between 2017\u20132022. He had a spell [&hellip;]<\/p>\n","protected":false},"author":10,"featured_media":0,"parent":0,"menu_order":0,"comment_status":"closed","ping_status":"closed","template":"","meta":{"inline_featured_image":false,"footnotes":""},"class_list":["post-2196","page","type-page","status-publish","hentry"],"yoast_head":"<!-- This site is optimized with the Yoast SEO plugin v27.4 - https:\/\/yoast.com\/product\/yoast-seo-wordpress\/ -->\n<title>More on Anders S\u00f6derholm - President Anders S\u00f6derholm&#039;s blog<\/title>\n<meta name=\"robots\" content=\"index, follow, max-snippet:-1, max-image-preview:large, max-video-preview:-1\" \/>\n<link rel=\"canonical\" href=\"https:\/\/www.kth.se\/blogs\/president\/more-on-anders-soderholm\/\" \/>\n<meta property=\"og:locale\" content=\"en_GB\" \/>\n<meta property=\"og:type\" content=\"article\" \/>\n<meta property=\"og:title\" content=\"More on Anders S\u00f6derholm - President Anders S\u00f6derholm&#039;s blog\" \/>\n<meta property=\"og:description\" content=\"Anders S\u00f6derholm is the President of KTH as of 1 December 2022. He leads a KTH that takes the lead for a sustainable society. He has held a range of different positions in the academic sector, including a spell as Director General at UK\u00c4, the Swedish Higher Education Authority, between 2017\u20132022. He had a spell [&hellip;]\" \/>\n<meta property=\"og:url\" content=\"https:\/\/www.kth.se\/blogs\/president\/more-on-anders-soderholm\/\" \/>\n<meta property=\"og:site_name\" content=\"President Anders S\u00f6derholm&#039;s blog\" \/>\n<meta property=\"article:modified_time\" content=\"2025-05-27T11:52:55+00:00\" \/>\n<meta name=\"twitter:card\" content=\"summary_large_image\" \/>\n<meta name=\"twitter:label1\" content=\"Estimated reading time\" \/>\n\t<meta name=\"twitter:data1\" content=\"2 minutes\" \/>\n<script type=\"application\/ld+json\" class=\"yoast-schema-graph\">{\"@context\":\"https:\\\/\\\/schema.org\",\"@graph\":[{\"@type\":\"WebPage\",\"@id\":\"https:\\\/\\\/www.kth.se\\\/blogs\\\/president\\\/more-on-anders-soderholm\\\/\",\"url\":\"https:\\\/\\\/www.kth.se\\\/blogs\\\/president\\\/more-on-anders-soderholm\\\/\",\"name\":\"More on Anders S\u00f6derholm - President Anders S\u00f6derholm&#039;s blog\",\"isPartOf\":{\"@id\":\"https:\\\/\\\/www.kth.se\\\/blogs\\\/president\\\/#website\"},\"datePublished\":\"2024-01-11T09:21:05+00:00\",\"dateModified\":\"2025-05-27T11:52:55+00:00\",\"breadcrumb\":{\"@id\":\"https:\\\/\\\/www.kth.se\\\/blogs\\\/president\\\/more-on-anders-soderholm\\\/#breadcrumb\"},\"inLanguage\":\"en-GB\",\"potentialAction\":[{\"@type\":\"ReadAction\",\"target\":[\"https:\\\/\\\/www.kth.se\\\/blogs\\\/president\\\/more-on-anders-soderholm\\\/\"]}]},{\"@type\":\"BreadcrumbList\",\"@id\":\"https:\\\/\\\/www.kth.se\\\/blogs\\\/president\\\/more-on-anders-soderholm\\\/#breadcrumb\",\"itemListElement\":[{\"@type\":\"ListItem\",\"position\":1,\"name\":\"Home\",\"item\":\"https:\\\/\\\/www.kth.se\\\/blogs\\\/president\\\/\"},{\"@type\":\"ListItem\",\"position\":2,\"name\":\"More on Anders S\u00f6derholm\"}]},{\"@type\":\"WebSite\",\"@id\":\"https:\\\/\\\/www.kth.se\\\/blogs\\\/president\\\/#website\",\"url\":\"https:\\\/\\\/www.kth.se\\\/blogs\\\/president\\\/\",\"name\":\"President Anders S\u00f6derholm&#039;s blog\",\"description\":\"\",\"potentialAction\":[{\"@type\":\"SearchAction\",\"target\":{\"@type\":\"EntryPoint\",\"urlTemplate\":\"https:\\\/\\\/www.kth.se\\\/blogs\\\/president\\\/?s={search_term_string}\"},\"query-input\":{\"@type\":\"PropertyValueSpecification\",\"valueRequired\":true,\"valueName\":\"search_term_string\"}}],\"inLanguage\":\"en-GB\"}]}<\/script>\n<!-- \/ Yoast SEO plugin. -->","yoast_head_json":{"title":"More on Anders S\u00f6derholm - President Anders S\u00f6derholm&#039;s blog","robots":{"index":"index","follow":"follow","max-snippet":"max-snippet:-1","max-image-preview":"max-image-preview:large","max-video-preview":"max-video-preview:-1"},"canonical":"https:\/\/www.kth.se\/blogs\/president\/more-on-anders-soderholm\/","og_locale":"en_GB","og_type":"article","og_title":"More on Anders S\u00f6derholm - President Anders S\u00f6derholm&#039;s blog","og_description":"Anders S\u00f6derholm is the President of KTH as of 1 December 2022. He leads a KTH that takes the lead for a sustainable society. He has held a range of different positions in the academic sector, including a spell as Director General at UK\u00c4, the Swedish Higher Education Authority, between 2017\u20132022. He had a spell [&hellip;]","og_url":"https:\/\/www.kth.se\/blogs\/president\/more-on-anders-soderholm\/","og_site_name":"President Anders S\u00f6derholm&#039;s blog","article_modified_time":"2025-05-27T11:52:55+00:00","twitter_card":"summary_large_image","twitter_misc":{"Estimated reading time":"2 minutes"},"schema":{"@context":"https:\/\/schema.org","@graph":[{"@type":"WebPage","@id":"https:\/\/www.kth.se\/blogs\/president\/more-on-anders-soderholm\/","url":"https:\/\/www.kth.se\/blogs\/president\/more-on-anders-soderholm\/","name":"More on Anders S\u00f6derholm - President Anders S\u00f6derholm&#039;s blog","isPartOf":{"@id":"https:\/\/www.kth.se\/blogs\/president\/#website"},"datePublished":"2024-01-11T09:21:05+00:00","dateModified":"2025-05-27T11:52:55+00:00","breadcrumb":{"@id":"https:\/\/www.kth.se\/blogs\/president\/more-on-anders-soderholm\/#breadcrumb"},"inLanguage":"en-GB","potentialAction":[{"@type":"ReadAction","target":["https:\/\/www.kth.se\/blogs\/president\/more-on-anders-soderholm\/"]}]},{"@type":"BreadcrumbList","@id":"https:\/\/www.kth.se\/blogs\/president\/more-on-anders-soderholm\/#breadcrumb","itemListElement":[{"@type":"ListItem","position":1,"name":"Home","item":"https:\/\/www.kth.se\/blogs\/president\/"},{"@type":"ListItem","position":2,"name":"More on Anders S\u00f6derholm"}]},{"@type":"WebSite","@id":"https:\/\/www.kth.se\/blogs\/president\/#website","url":"https:\/\/www.kth.se\/blogs\/president\/","name":"President Anders S\u00f6derholm&#039;s blog","description":"","potentialAction":[{"@type":"SearchAction","target":{"@type":"EntryPoint","urlTemplate":"https:\/\/www.kth.se\/blogs\/president\/?s={search_term_string}"},"query-input":{"@type":"PropertyValueSpecification","valueRequired":true,"valueName":"search_term_string"}}],"inLanguage":"en-GB"}]}},"jetpack_sharing_enabled":true,"jetpack_shortlink":"https:\/\/wp.me\/P5kmZi-zq","post_mailing_queue_ids":[],"_links":{"self":[{"href":"https:\/\/www.kth.se\/blogs\/president\/wp-json\/wp\/v2\/pages\/2196","targetHints":{"allow":["GET"]}}],"collection":[{"href":"https:\/\/www.kth.se\/blogs\/president\/wp-json\/wp\/v2\/pages"}],"about":[{"href":"https:\/\/www.kth.se\/blogs\/president\/wp-json\/wp\/v2\/types\/page"}],"author":[{"embeddable":true,"href":"https:\/\/www.kth.se\/blogs\/president\/wp-json\/wp\/v2\/users\/10"}],"replies":[{"embeddable":true,"href":"https:\/\/www.kth.se\/blogs\/president\/wp-json\/wp\/v2\/comments?post=2196"}],"version-history":[{"count":2,"href":"https:\/\/www.kth.se\/blogs\/president\/wp-json\/wp\/v2\/pages\/2196\/revisions"}],"predecessor-version":[{"id":2233,"href":"https:\/\/www.kth.se\/blogs\/president\/wp-json\/wp\/v2\/pages\/2196\/revisions\/2233"}],"wp:attachment":[{"href":"https:\/\/www.kth.se\/blogs\/president\/wp-json\/wp\/v2\/media?parent=2196"}],"curies":[{"name":"wp","href":"https:\/\/api.w.org\/{rel}","templated":true}]}}