{"id":2348,"date":"2023-10-23T16:51:55","date_gmt":"2023-10-23T15:51:55","guid":{"rendered":"https:\/\/www.kth.se\/blogs\/rektor\/?page_id=2348"},"modified":"2025-06-02T08:58:29","modified_gmt":"2025-06-02T07:58:29","slug":"alla-inlagg","status":"publish","type":"page","link":"https:\/\/www.kth.se\/blogs\/rektor\/alla-inlagg\/","title":{"rendered":"Anders S\u00f6derholms blogginl\u00e4gg"},"content":{"rendered":"<div class=\"post-content-wrapper\"><ul class=\"display-posts-listing\"><li class=\"listing-item\"><a class=\"title\" href=\"https:\/\/www.kth.se\/blogs\/rektor\/2026\/04\/examensfrekvensen-sager-inte-allt\/\">Examensfrekvensen s\u00e4ger inte allt<\/a> <span class=\"date\">2026-04-02<\/span><\/li><li class=\"listing-item\"><a class=\"title\" href=\"https:\/\/www.kth.se\/blogs\/rektor\/2026\/03\/nordisk-allians-navigerar-tillsammans-i-turbulent-tid\/\">Nordisk allians navigerar tillsammans i turbulent tid<\/a> <span class=\"date\">2026-03-18<\/span><\/li><li class=\"listing-item\"><a class=\"title\" href=\"https:\/\/www.kth.se\/blogs\/rektor\/2026\/03\/varldslaget-marks-allt-mer-ocksa-i-var-vardag\/\">V\u00e4rldsl\u00e4get m\u00e4rks allt mer ocks\u00e5 i v\u00e5r vardag<\/a> <span class=\"date\">2026-03-05<\/span><\/li><li class=\"listing-item\"><a class=\"title\" href=\"https:\/\/www.kth.se\/blogs\/rektor\/2026\/02\/engagemang-som-inspirerar-och-imponerar\/\">Engagemang som inspirerar och imponerar<\/a> <span class=\"date\">2026-02-19<\/span><\/li><li class=\"listing-item\"><a class=\"title\" href=\"https:\/\/www.kth.se\/blogs\/rektor\/2026\/02\/kth-redo-for-framtidens-ingenjorer\/\">KTH redo f\u00f6r framtidens ingenj\u00f6rer<\/a> <span class=\"date\">2026-02-04<\/span><\/li><li class=\"listing-item\"><a class=\"title\" href=\"https:\/\/www.kth.se\/blogs\/rektor\/2026\/01\/organisationsformen-en-verksamhetskritisk-fraga-om-sjalvstandighet\/\">Organisationsformen &#8211; en verksamhetskritisk fr\u00e5ga om sj\u00e4lvst\u00e4ndighet<\/a> <span class=\"date\">2026-01-21<\/span><\/li><li class=\"listing-item\"><a class=\"title\" href=\"https:\/\/www.kth.se\/blogs\/rektor\/2025\/12\/nobelprisen-inspirerar-infor-nya-aret\/\">Nobelprisen inspirerar inf\u00f6r nya \u00e5ret<\/a> <span class=\"date\">2025-12-10<\/span><\/li><li class=\"listing-item\"><a class=\"title\" href=\"https:\/\/www.kth.se\/blogs\/rektor\/2025\/11\/livslangt-larande-en-patar-pa-kompetensen\/\">Livsl\u00e5ngt l\u00e4rande &#8211; en p\u00e5t\u00e5r p\u00e5 kompetensen<\/a> <span class=\"date\">2025-11-26<\/span><\/li><li class=\"listing-item\"><a class=\"title\" href=\"https:\/\/www.kth.se\/blogs\/rektor\/2025\/11\/inbordes-konkurrens-istallet-for-kraftsamling\/\">Inb\u00f6rdes konkurrens ist\u00e4llet f\u00f6r kraftsamling?<\/a> <span class=\"date\">2025-11-05<\/span><\/li><li class=\"listing-item\"><a class=\"title\" href=\"https:\/\/www.kth.se\/blogs\/rektor\/2025\/10\/lanken-mellan-europa-och-asien-allt-viktigare-i-en-foranderlig-varld\/\">L\u00e4nken mellan Europa och Asien allt viktigare i en f\u00f6r\u00e4nderlig v\u00e4rld<\/a> <span class=\"date\">2025-10-22<\/span><\/li><li class=\"listing-item\"><a class=\"title\" href=\"https:\/\/www.kth.se\/blogs\/rektor\/2025\/10\/stabilitet-starks-genom-samarbete-over-granserna\/\">Stabilitet st\u00e4rks genom samarbete \u00f6ver gr\u00e4nserna<\/a> <span class=\"date\">2025-10-08<\/span><\/li><li class=\"listing-item\"><a class=\"title\" href=\"https:\/\/www.kth.se\/blogs\/rektor\/2025\/09\/i-mal-med-campusflytt-rustar-kth-for-framtiden\/\">I m\u00e5l med campusflytt &#8211; rustar KTH f\u00f6r framtiden<\/a> <span class=\"date\">2025-09-24<\/span><\/li><li class=\"listing-item\"><a class=\"title\" href=\"https:\/\/www.kth.se\/blogs\/rektor\/2025\/09\/bra-satsning-pa-ai-men-glom-inte-universiteten\/\">Bra satsning p\u00e5 AI &#8211; men gl\u00f6m inte universiteten!<\/a> <span class=\"date\">2025-09-10<\/span><\/li><li class=\"listing-item\"><a class=\"title\" href=\"https:\/\/www.kth.se\/blogs\/rektor\/2025\/08\/valkomna-till-ett-nytt-spannande-lasar\/\">V\u00e4lkomna till ett nytt sp\u00e4nnande l\u00e4s\u00e5r!<\/a> <span class=\"date\">2025-08-20<\/span><\/li><li class=\"listing-item\"><a class=\"title\" href=\"https:\/\/www.kth.se\/blogs\/rektor\/2025\/06\/vilken-bredd-och-glad-sommar-forresten\/\">Vilken bredd &#8211; och glad sommar f\u00f6rresten!<\/a> <span class=\"date\">2025-06-16<\/span><\/li><li class=\"listing-item\"><a class=\"title\" href=\"https:\/\/www.kth.se\/blogs\/rektor\/2025\/06\/fardplan-for-ai-leder-framat\/\">F\u00e4rdplan f\u00f6r AI leder fram\u00e5t<\/a> <span class=\"date\">2025-06-04<\/span><\/li><li class=\"listing-item\"><a class=\"title\" href=\"https:\/\/www.kth.se\/blogs\/rektor\/2025\/05\/hur-bast-ta-tillvara-universitetens-kraft-och-kompetens\/\">Hur b\u00e4st ta tillvara universitetens kraft och kompetens?<\/a> <span class=\"date\">2025-05-22<\/span><\/li><li class=\"listing-item\"><a class=\"title\" href=\"https:\/\/www.kth.se\/blogs\/rektor\/2025\/05\/snarigt-system-aventyrar-langsiktighet\/\">Sn\u00e5rigt system \u00e4ventyrar l\u00e5ngsiktighet<\/a> <span class=\"date\">2025-05-14<\/span><\/li><li class=\"listing-item\"><a class=\"title\" href=\"https:\/\/www.kth.se\/blogs\/rektor\/2025\/04\/ingenjorsintresset-okar-men-takbeloppet-minskar\/\">Ingenj\u00f6rsintresset \u00f6kar \u2013 men takbeloppet minskar<\/a> <span class=\"date\">2025-04-30<\/span><\/li><li class=\"listing-item\"><a class=\"title\" href=\"https:\/\/www.kth.se\/blogs\/rektor\/2025\/04\/om-universitetens-roll-i-dagens-samhallsklimat\/\">Om universitetens roll i dagens samh\u00e4llsklimat<\/a> <span class=\"date\">2025-04-16<\/span><\/li><li class=\"listing-item\"><a class=\"title\" href=\"https:\/\/www.kth.se\/blogs\/rektor\/2025\/04\/en-hogtid-for-forskning-och-forebilder\/\">En h\u00f6gtid f\u00f6r forskning och f\u00f6rebilder<\/a> <span class=\"date\">2025-04-09<\/span><\/li><li class=\"listing-item\"><a class=\"title\" href=\"https:\/\/www.kth.se\/blogs\/rektor\/2025\/03\/hur-sakrar-vi-den-akademiska-friheten\/\">Hur s\u00e4krar vi den akademiska friheten?<\/a> <span class=\"date\">2025-03-26<\/span><\/li><li class=\"listing-item\"><a class=\"title\" href=\"https:\/\/www.kth.se\/blogs\/rektor\/2025\/03\/nar-sanningen-och-lognen-byter-plats\/\">N\u00e4r sanningen och l\u00f6gnen byter plats<\/a> <span class=\"date\">2025-03-13<\/span><\/li><li class=\"listing-item\"><a class=\"title\" href=\"https:\/\/www.kth.se\/blogs\/rektor\/2025\/02\/sverige-behover-fler-ingenjorer-nu\/\">Sverige beh\u00f6ver fler ingenj\u00f6rer &#8211; nu<\/a> <span class=\"date\">2025-02-26<\/span><\/li><li class=\"listing-item\"><a class=\"title\" href=\"https:\/\/www.kth.se\/blogs\/rektor\/2025\/02\/forskningens-frihet-maste-varnas-varje-dag\/\">Forskningens frihet m\u00e5ste v\u00e4rnas varje dag<\/a> <span class=\"date\">2025-02-12<\/span><\/li><li class=\"listing-item\"><a class=\"title\" href=\"https:\/\/www.kth.se\/blogs\/rektor\/2025\/01\/att-bli-eller-inte-bli-en-stiftelse-det-ar-fragan\/\">Att bli eller inte bli en stiftelse- det \u00e4r fr\u00e5gan<\/a> <span class=\"date\">2025-01-29<\/span><\/li><li class=\"listing-item\"><a class=\"title\" href=\"https:\/\/www.kth.se\/blogs\/rektor\/2025\/01\/hur-attrahera-talanger-till-sverige-pa-global-arbetsmarknad\/\">Hur attrahera talanger till Sverige p\u00e5 en global arbetsmarknad?<\/a> <span class=\"date\">2025-01-15<\/span><\/li><li class=\"listing-item\"><a class=\"title\" href=\"https:\/\/www.kth.se\/blogs\/rektor\/2024\/12\/bra-satsningar-i-forskningspropositionen-men-mer-frihet-pa-onskelistan\/\">Bra satsningar i forskningspropositionen &#8211; men \u00f6kad frihet p\u00e5 \u00f6nskelistan<\/a> <span class=\"date\">2024-12-18<\/span><\/li><li class=\"listing-item\"><a class=\"title\" href=\"https:\/\/www.kth.se\/blogs\/rektor\/2024\/12\/ai-tekniken-som-ar-allas-ansvar-och-mojlighet\/\">AI &#8211; tekniken som \u00e4r allas ansvar och m\u00f6jlighet<\/a> <span class=\"date\">2024-12-13<\/span><\/li><li class=\"listing-item\"><a class=\"title\" href=\"https:\/\/www.kth.se\/blogs\/rektor\/2024\/11\/lager-pa-lager-styrning-kranglar-till-det-i-onodan\/\">Lager-p\u00e5-lager-styrning kr\u00e5nglar till det i on\u00f6dan<\/a> <span class=\"date\">2024-11-27<\/span><\/li><li class=\"listing-item\"><a class=\"title\" href=\"https:\/\/www.kth.se\/blogs\/rektor\/2024\/11\/universitetens-karriarsystem-spelar-stor-roll-for-arbetsmiljon\/\">Universitetens karri\u00e4rsystem spelar stor roll f\u00f6r arbetsmilj\u00f6n<\/a> <span class=\"date\">2024-11-13<\/span><\/li><li class=\"listing-item\"><a class=\"title\" href=\"https:\/\/www.kth.se\/blogs\/rektor\/2024\/10\/satsningar-pa-teknikforskning-och-innovation-kan-vanda-trenden-for-europa\/\">Satsningar p\u00e5 teknikforskning och innovation kan v\u00e4nda trenden f\u00f6r Europa<\/a> <span class=\"date\">2024-10-30<\/span><\/li><li class=\"listing-item\"><a class=\"title\" href=\"https:\/\/www.kth.se\/blogs\/rektor\/2024\/10\/marknadsmodellen-som-skevar-rejalt\/\">Marknadsmodellen som skevar rej\u00e4lt<\/a> <span class=\"date\">2024-10-16<\/span><\/li><li class=\"listing-item\"><a class=\"title\" href=\"https:\/\/www.kth.se\/blogs\/rektor\/2024\/10\/langsiktighet-pa-onskelistan-nar-regeringen-satsar-pa-forskningen\/\">L\u00e5ngsiktighet p\u00e5 \u00f6nskelistan inf\u00f6r regeringens forskningssatsning<\/a> <span class=\"date\">2024-10-02<\/span><\/li><li class=\"listing-item\"><a class=\"title\" href=\"https:\/\/www.kth.se\/blogs\/rektor\/2024\/09\/battre-mojligheter-for-utlandska-studenter-gagnar-oss-alla\/\">B\u00e4ttre m\u00f6jligheter f\u00f6r utl\u00e4ndska studenter gagnar oss alla<\/a> <span class=\"date\">2024-09-18<\/span><\/li><li class=\"listing-item\"><a class=\"title\" href=\"https:\/\/www.kth.se\/blogs\/rektor\/2024\/09\/tillit-och-delaktighet-bygger-framtidens-universitet\/\">Tillit och m\u00e5l bygger framtidens universitet<\/a> <span class=\"date\">2024-09-02<\/span><\/li><li class=\"listing-item\"><a class=\"title\" href=\"https:\/\/www.kth.se\/blogs\/rektor\/2024\/08\/studentmottagning-i-toppklass\/\">Studentmottagning i toppklass<\/a> <span class=\"date\">2024-08-20<\/span><\/li><li class=\"listing-item\"><a class=\"title\" href=\"https:\/\/www.kth.se\/blogs\/rektor\/2024\/06\/sommaren-ar-kort-och-lang\/\">Sommaren \u00e4r kort men l\u00e5ng<\/a> <span class=\"date\">2024-06-18<\/span><\/li><li class=\"listing-item\"><a class=\"title\" href=\"https:\/\/www.kth.se\/blogs\/rektor\/2024\/06\/kvalificerat-strunt-som-bade-skrammer-och-skammer\/\">Kvalificerat strunt som b\u00e5de skr\u00e4mmer och sk\u00e4mmer<\/a> <span class=\"date\">2024-06-05<\/span><\/li><li class=\"listing-item\"><a class=\"title\" href=\"https:\/\/www.kth.se\/blogs\/rektor\/2024\/05\/sa-kan-man-losa-lokalforsorjningen-genom-ny-modell\/\">S\u00e5 kan man l\u00f6sa lokalf\u00f6rs\u00f6rjningen och minska rundg\u00e5ngen<\/a> <span class=\"date\">2024-05-29<\/span><\/li><li class=\"listing-item\"><a class=\"title\" href=\"https:\/\/www.kth.se\/blogs\/rektor\/2024\/05\/akademins-roll-i-orolig-tid\/\">Akademins roll i orolig tid<\/a> <span class=\"date\">2024-05-22<\/span><\/li><li class=\"listing-item\"><a class=\"title\" href=\"https:\/\/www.kth.se\/blogs\/rektor\/2024\/05\/nu-far-det-vara-nog\/\">Nu f\u00e5r det vara nog!<\/a> <span class=\"date\">2024-05-13<\/span><\/li><li class=\"listing-item\"><a class=\"title\" href=\"https:\/\/www.kth.se\/blogs\/rektor\/2024\/04\/inspirerande-forebilder-och-finansieringsmodeller\/\">Inspirerande f\u00f6rebilder och finansieringsmodeller<\/a> <span class=\"date\">2024-04-30<\/span><\/li><li class=\"listing-item\"><a class=\"title\" href=\"https:\/\/www.kth.se\/blogs\/rektor\/2024\/04\/vi-behover-alla-verktyg\/\">\u201dVi beh\u00f6ver alla verktyg\u201d<\/a> <span class=\"date\">2024-04-17<\/span><\/li><li class=\"listing-item\"><a class=\"title\" href=\"https:\/\/www.kth.se\/blogs\/rektor\/2024\/03\/2397\/\">Olika bakgrund \u00e4r v\u00e4gen fram\u00e5t<\/a> <span class=\"date\">2024-03-20<\/span><\/li><li class=\"listing-item\"><a class=\"title\" href=\"https:\/\/www.kth.se\/blogs\/rektor\/2024\/02\/storre-spelplan-och-mod-viktigt-for-deeptech-forskning\/\">St\u00f6rre spelplan och mod viktigt f\u00f6r deeptech-forskning<\/a> <span class=\"date\">2024-02-28<\/span><\/li><li class=\"listing-item\"><a class=\"title\" href=\"https:\/\/www.kth.se\/blogs\/rektor\/2024\/02\/universiteten-starker-samhallets-motstandskraft\/\">Universiteten st\u00e4rker samh\u00e4llets motst\u00e5ndskraft<\/a> <span class=\"date\">2024-02-13<\/span><\/li><li class=\"listing-item\"><a class=\"title\" href=\"https:\/\/www.kth.se\/blogs\/rektor\/2024\/02\/samarbete-for-ett-battre-samhalle\/\">Samarbete f\u00f6r ett b\u00e4ttre samh\u00e4lle<\/a> <span class=\"date\">2024-02-02<\/span><\/li><li class=\"listing-item\"><a class=\"title\" href=\"https:\/\/www.kth.se\/blogs\/rektor\/2024\/01\/trygghet-och-sakerhet-kommer-alltid-forst\/\">Trygghet och s\u00e4kerhet kommer alltid f\u00f6rst<\/a> <span class=\"date\">2024-01-10<\/span><\/li><li class=\"listing-item\"><a class=\"title\" href=\"https:\/\/www.kth.se\/blogs\/rektor\/2023\/12\/arvet-fran-alfven\/\">Arvet fr\u00e5n Alfv\u00e9n<\/a> <span class=\"date\">2023-12-14<\/span><\/li><li class=\"listing-item\"><a class=\"title\" href=\"https:\/\/www.kth.se\/blogs\/rektor\/2023\/12\/framtidsfabriken-pa-kth-avgorande-for-omstallningen\/\">F\u00f6rnyad kompetens ger hopp f\u00f6r framtiden<\/a> <span class=\"date\">2023-12-06<\/span><\/li><li class=\"listing-item\"><a class=\"title\" href=\"https:\/\/www.kth.se\/blogs\/rektor\/2023\/11\/forandring-som-innebar-verksamhetsutveckling\/\">F\u00f6r\u00e4ndring som inneb\u00e4r verksamhetsutveckling st\u00e4rker KTH<\/a> <span class=\"date\">2023-11-27<\/span><\/li><li class=\"listing-item\"><a class=\"title\" href=\"https:\/\/www.kth.se\/blogs\/rektor\/2023\/11\/vad-sags-om-en-langsiktig-hogskolepolitisk-overenskommelse\/\">Vad s\u00e4gs om en l\u00e5ngsiktig h\u00f6gskolepolitisk \u00f6verenskommelse?<\/a> <span class=\"date\">2023-11-08<\/span><\/li><li class=\"listing-item\"><a class=\"title\" href=\"https:\/\/www.kth.se\/blogs\/rektor\/2023\/10\/granssnittet-som-genererar-framtidens-losningar\/\">Gr\u00e4nssnittet som genererar framtidens l\u00f6sningar<\/a> <span class=\"date\">2023-10-17<\/span><\/li><li class=\"listing-item\"><a class=\"title\" href=\"https:\/\/www.kth.se\/blogs\/rektor\/2023\/10\/upptackterna-som-forandrar-varlden\/\">Uppt\u00e4ckterna som f\u00f6r\u00e4ndrar v\u00e4rlden<\/a> <span class=\"date\">2023-10-06<\/span><\/li><li class=\"listing-item\"><a class=\"title\" href=\"https:\/\/www.kth.se\/blogs\/rektor\/2023\/09\/kollegial-styrning-driver-kvalitet\/\">Kollegial styrning driver kvalitet<\/a> <span class=\"date\">2023-09-25<\/span><\/li><li class=\"listing-item\"><a class=\"title\" href=\"https:\/\/www.kth.se\/blogs\/rektor\/2023\/09\/hojd-nt-peng-och-hogsta-betyg-i-internationalisering-badar-gott\/\">H\u00f6jd NT-peng och h\u00f6gsta betyg i internationalisering b\u00e5dar gott<\/a> <span class=\"date\">2023-09-11<\/span><\/li><li class=\"listing-item\"><a class=\"title\" href=\"https:\/\/www.kth.se\/blogs\/rektor\/2023\/09\/viktigt-vaxelspel-nar-forskningen-knyter-an-till-utbildningen\/\">Viktigt v\u00e4xelspel n\u00e4r forskningen knyter an till utbildningen<\/a> <span class=\"date\">2023-09-01<\/span><\/li><li class=\"listing-item\"><a class=\"title\" href=\"https:\/\/www.kth.se\/blogs\/rektor\/2023\/08\/en-hogskolepolitik-som-speglar-hogskolan-ar-ett-maste-for-samhallsutvecklingen\/\">En h\u00f6gskolepolitik som speglar h\u00f6gskolans utmaningar beh\u00f6vs<\/a> <span class=\"date\">2023-08-22<\/span><\/li><li class=\"listing-item\"><a class=\"title\" href=\"https:\/\/www.kth.se\/blogs\/rektor\/2023\/06\/pa-spaning-efter-samtid-och-sommartider\/\">P\u00e5 spaning efter samtid och semester<\/a> <span class=\"date\">2023-06-22<\/span><\/li><li class=\"listing-item\"><a class=\"title\" href=\"https:\/\/www.kth.se\/blogs\/rektor\/2023\/06\/kths-ambassadorer-gor-skillnad\/\">KTH:s ambassad\u00f6rer g\u00f6r skillnad<\/a> <span class=\"date\">2023-06-19<\/span><\/li><li class=\"listing-item\"><a class=\"title\" href=\"https:\/\/www.kth.se\/blogs\/rektor\/2023\/06\/spotify-losning-for-forskning-en-mojlig-vag-mot-oppnare-vetenskap\/\">Spotify-l\u00f6sning f\u00f6r forskning &#8211; en m\u00f6jlig v\u00e4g mot \u00f6ppnare vetenskap?<\/a> <span class=\"date\">2023-06-02<\/span><\/li><li class=\"listing-item\"><a class=\"title\" href=\"https:\/\/www.kth.se\/blogs\/rektor\/2023\/05\/usa-samarbete-som-bygger-stolthet-och-kvalitet\/\">USA-samarbete som bygger stolthet och kvalitet<\/a> <span class=\"date\">2023-05-12<\/span><\/li><li class=\"listing-item\"><a class=\"title\" href=\"https:\/\/www.kth.se\/blogs\/rektor\/2023\/04\/ny-styrelse-men-med-en-kortare-mandatperiod\/\">Ny styrelse men med en kortare mandatperiod<\/a> <span class=\"date\">2023-04-28<\/span><\/li><li class=\"listing-item\"><a class=\"title\" href=\"https:\/\/www.kth.se\/blogs\/rektor\/2023\/04\/gott-betyg-for-livslangt-larande\/\">Gott betyg f\u00f6r livsl\u00e5ngt l\u00e4rande<\/a> <span class=\"date\">2023-04-26<\/span><\/li><li class=\"listing-item\"><a class=\"title\" href=\"https:\/\/www.kth.se\/blogs\/rektor\/2023\/04\/kth-bygger-sina-utbildningar-for-framtiden\/\">KTH bygger sina utbildningar f\u00f6r framtiden<\/a> <span class=\"date\">2023-04-17<\/span><\/li><li class=\"listing-item\"><a class=\"title\" href=\"https:\/\/www.kth.se\/blogs\/rektor\/2023\/04\/utmaningsdriven-utbildning-i-fokus-i-afrika\/\">Utmaningsdriven utbildning i fokus i Afrika<\/a> <span class=\"date\">2023-04-05<\/span><\/li><li class=\"listing-item\"><a class=\"title\" href=\"https:\/\/www.kth.se\/blogs\/rektor\/2023\/03\/de-goda-ideernas-vag-mot-triumf\/\">De goda id\u00e9ernas v\u00e4g mot triumf<\/a> <span class=\"date\">2023-03-17<\/span><\/li><li class=\"listing-item\"><a class=\"title\" href=\"https:\/\/www.kth.se\/blogs\/rektor\/2023\/03\/studentdemokrati-att-varna-om\/\">Studentdemokrati att v\u00e4rna om<\/a> <span class=\"date\">2023-03-08<\/span><\/li><li class=\"listing-item\"><a class=\"title\" href=\"https:\/\/www.kth.se\/blogs\/rektor\/2023\/02\/ansvarsfull-internationalisering-ar-vagen-fram\/\">Ansvarsfull internationalisering \u00e4r v\u00e4gen fram<\/a> <span class=\"date\">2023-02-22<\/span><\/li><li class=\"listing-item\"><a class=\"title\" href=\"https:\/\/www.kth.se\/blogs\/rektor\/2023\/02\/forskningen-som-ger-hopp\/\">Den livsviktiga forskningen<\/a> <span class=\"date\">2023-02-14<\/span><\/li><li class=\"listing-item\"><a class=\"title\" href=\"https:\/\/www.kth.se\/blogs\/rektor\/2023\/02\/bortom-horisonten-i-europa\/\">Bortom horisonten i Europa\u00a0<\/a> <span class=\"date\">2023-02-10<\/span><\/li><li class=\"listing-item\"><a class=\"title\" href=\"https:\/\/www.kth.se\/blogs\/rektor\/2023\/02\/nar-ett-plus-ett-blir-tre\/\">N\u00e4r ett plus ett blir tre<\/a> <span class=\"date\">2023-02-03<\/span><\/li><li class=\"listing-item\"><a class=\"title\" href=\"https:\/\/www.kth.se\/blogs\/rektor\/2023\/01\/ministerns-nyckelord-rimmar-val-med-kths-forskning\/\">Ministerns nyckelord rimmar v\u00e4l med KTH:s forskning<\/a> <span class=\"date\">2023-01-25<\/span><\/li><li class=\"listing-item\"><a class=\"title\" href=\"https:\/\/www.kth.se\/blogs\/rektor\/2023\/01\/valdet-som-drabbar-oss-alla\/\">V\u00e5ldet som drabbar oss alla<\/a> <span class=\"date\">2023-01-20<\/span><\/li><li class=\"listing-item\"><a class=\"title\" href=\"https:\/\/www.kth.se\/blogs\/rektor\/2023\/01\/forskning-och-teknikutveckling-gar-hand-i-hand\/\">Forskning och teknikutveckling g\u00e5r hand i hand<\/a> <span class=\"date\">2023-01-17<\/span><\/li><li class=\"listing-item\"><a class=\"title\" href=\"https:\/\/www.kth.se\/blogs\/rektor\/2022\/12\/fran-nanometer-till-ljusar\/\">Fr\u00e5n nanometer till ljus\u00e5r<\/a> <span class=\"date\">2022-12-20<\/span><\/li><li class=\"listing-item\"><a class=\"title\" href=\"https:\/\/www.kth.se\/blogs\/rektor\/2022\/12\/studentinflytande-under-granen\/\">Studentinflytande under granen<\/a> <span class=\"date\">2022-12-13<\/span><\/li><li class=\"listing-item\"><a class=\"title\" href=\"https:\/\/www.kth.se\/blogs\/rektor\/2022\/12\/energin-avgorande-for-framtiden\/\">Energin avg\u00f6rande f\u00f6r framtiden<\/a> <span class=\"date\">2022-12-08<\/span><\/li><\/ul>\n<\/div>","protected":false},"excerpt":{"rendered":"","protected":false},"author":10,"featured_media":0,"parent":0,"menu_order":0,"comment_status":"closed","ping_status":"closed","template":"","meta":{"inline_featured_image":false,"footnotes":""},"class_list":["post-2348","page","type-page","status-publish","hentry"],"jetpack_sharing_enabled":true,"jetpack_shortlink":"https:\/\/wp.me\/P5kmxl-BS","post_mailing_queue_ids":[],"_links":{"self":[{"href":"https:\/\/www.kth.se\/blogs\/rektor\/wp-json\/wp\/v2\/pages\/2348","targetHints":{"allow":["GET"]}}],"collection":[{"href":"https:\/\/www.kth.se\/blogs\/rektor\/wp-json\/wp\/v2\/pages"}],"about":[{"href":"https:\/\/www.kth.se\/blogs\/rektor\/wp-json\/wp\/v2\/types\/page"}],"author":[{"embeddable":true,"href":"https:\/\/www.kth.se\/blogs\/rektor\/wp-json\/wp\/v2\/users\/10"}],"replies":[{"embeddable":true,"href":"https:\/\/www.kth.se\/blogs\/rektor\/wp-json\/wp\/v2\/comments?post=2348"}],"version-history":[{"count":6,"href":"https:\/\/www.kth.se\/blogs\/rektor\/wp-json\/wp\/v2\/pages\/2348\/revisions"}],"predecessor-version":[{"id":2557,"href":"https:\/\/www.kth.se\/blogs\/rektor\/wp-json\/wp\/v2\/pages\/2348\/revisions\/2557"}],"wp:attachment":[{"href":"https:\/\/www.kth.se\/blogs\/rektor\/wp-json\/wp\/v2\/media?parent=2348"}],"curies":[{"name":"wp","href":"https:\/\/api.w.org\/{rel}","templated":true}]}}