{"id":2379,"date":"2024-01-10T16:20:39","date_gmt":"2024-01-10T15:20:39","guid":{"rendered":"https:\/\/www.kth.se\/blogs\/rektor\/?page_id=2379"},"modified":"2025-05-27T12:50:29","modified_gmt":"2025-05-27T11:50:29","slug":"mer-om-anders-soderholm","status":"publish","type":"page","link":"https:\/\/www.kth.se\/blogs\/rektor\/mer-om-anders-soderholm\/","title":{"rendered":"Mer om Anders S\u00f6derholm"},"content":{"rendered":"<div class=\"post-content-wrapper\"><div class=\"lead lead-paragraph\" style=\"background: white;margin: 0cm 0cm 10.5pt 0cm\"><span style=\"font-family: 'Open Sans',sans-serif;color: black\">Anders S\u00f6derholm \u00e4r rektor f\u00f6r KTH sedan den 1 december 2022. I linje med KTH:s vision leder han ett KTH som tar ledningen f\u00f6r en h\u00e5llbar samh\u00e4llsutveckling.<\/span><\/div>\n<p>Han har arbetat inom universitet och h\u00f6gskolesektorn p\u00e5 en rad olika poster. Han kommer senast fr\u00e5n UK\u00c4, Universitetskanslers\u00e4mbetet, d\u00e4r han var mellan 2017 och september 2022. Anders S\u00f6derholm har \u00e4ven varit generalsekreterare f\u00f6r SUHF, Sveriges Universitet och H\u00f6gskolef\u00f6rbund. Han var rektor vid Mittuniversitetet under \u00e5ren 2008-2016 och f\u00f6r Handelsh\u00f6gskolan vid Ume\u00e5 universitet \u00e5ren 2000-2003.<\/p>\n<p>Anders S\u00f6derholm har sin akademiska bakgrund fr\u00e5n Ume\u00e5 universitet d\u00e4r han disputerade 1991 med en avhandling om kommunal n\u00e4ringslivspolitik. Han har innehaft en professur i f\u00f6retagsekonomi, varit forskare och l\u00e4rare inom industriell ekonomi p\u00e5 KTH 1998-99 och 2003-2004. Han har \u00e4ven varit g\u00e4stforskare vid Stanford University och \u00c5bo Akademi.<\/p>\n<p>Som rektor \u00e4r ett av hans m\u00e5l att KTH ska forts\u00e4tta utvecklas som ett ledande tekniskt och internationellt universitet f\u00f6r en h\u00e5llbar framtid.<\/p>\n<h2>Publikationer<\/h2>\n<p>H\u00e4llgren, M. and S\u00f6derholm, A. (2023 forthcoming) \u201dProjects-as-practice. Taking stock and moving on\u201d, in Winch, G., Brunet, M. and Cao, D.<em>\u00a0Research Handbook on Complex Project Organizing,<\/em>\u00a0Edward Elgar.<\/p>\n<p>Jacobsson, M. and S\u00f6derholm, A. (2022), \u201cAn Essay on \u2018Homo Projecticus\u2019: Ontological Assumptions in the Projectified Society\u201d, International Journal of Project Management, 40 (4), 315-319.<\/p>\n<p>Jacobsson, M. &amp; S\u00f6derholm, A. (2020) \u201cProject studies beyond the straitjacket: An escape artist\u2019s manual\u201d, Project Management Journal, 51 (4), 411-419.<\/p>\n<p>Jacobsson, M., Lundin, R., &amp; S\u00f6derholm, A. (2016). \u201cTowards a multi-perspective research program on projects and temporary organizations: analyzing the Scandinavian turn and the rethinking effort\u201d, International Journal of Managing Projects in Business, 9 (4), 752-766.<\/p>\n<h2>Pressbilder<\/h2>\n<p><a href=\"https:\/\/www.kth.se\/om\/press\/pressbilder-1.2110\">Pressbilder p\u00e5 Anders S\u00f6derholm<\/a><\/p>\n<p><a href=\"https:\/\/www.kth.se\/om\/organisation\/rektor-och-ledning\">L\u00e4s mer om KTH:s ledning<\/a><\/p>\n<\/div>","protected":false},"excerpt":{"rendered":"<p>Anders S\u00f6derholm \u00e4r rektor f\u00f6r KTH sedan den 1 december 2022. I linje med KTH:s vision leder han ett KTH som tar ledningen f\u00f6r en h\u00e5llbar samh\u00e4llsutveckling. Han har arbetat inom universitet och h\u00f6gskolesektorn p\u00e5 en rad olika poster. Han kommer senast fr\u00e5n UK\u00c4, Universitetskanslers\u00e4mbetet, d\u00e4r han var mellan 2017 och september 2022. Anders S\u00f6derholm [&hellip;]<\/p>\n","protected":false},"author":10,"featured_media":0,"parent":0,"menu_order":0,"comment_status":"closed","ping_status":"closed","template":"","meta":{"inline_featured_image":false,"footnotes":""},"class_list":["post-2379","page","type-page","status-publish","hentry"],"yoast_head":"<!-- This site is optimized with the Yoast SEO plugin v27.4 - https:\/\/yoast.com\/product\/yoast-seo-wordpress\/ -->\n<title>Mer om Anders S\u00f6derholm - Rektor Anders S\u00f6derholms blogg<\/title>\n<meta name=\"robots\" content=\"index, follow, max-snippet:-1, max-image-preview:large, max-video-preview:-1\" \/>\n<link rel=\"canonical\" href=\"https:\/\/www.kth.se\/blogs\/rektor\/mer-om-anders-soderholm\/\" \/>\n<meta property=\"og:locale\" content=\"sv_SE\" \/>\n<meta property=\"og:type\" content=\"article\" \/>\n<meta property=\"og:title\" content=\"Mer om Anders S\u00f6derholm - Rektor Anders S\u00f6derholms blogg\" \/>\n<meta property=\"og:description\" content=\"Anders S\u00f6derholm \u00e4r rektor f\u00f6r KTH sedan den 1 december 2022. I linje med KTH:s vision leder han ett KTH som tar ledningen f\u00f6r en h\u00e5llbar samh\u00e4llsutveckling. Han har arbetat inom universitet och h\u00f6gskolesektorn p\u00e5 en rad olika poster. Han kommer senast fr\u00e5n UK\u00c4, Universitetskanslers\u00e4mbetet, d\u00e4r han var mellan 2017 och september 2022. Anders S\u00f6derholm [&hellip;]\" \/>\n<meta property=\"og:url\" content=\"https:\/\/www.kth.se\/blogs\/rektor\/mer-om-anders-soderholm\/\" \/>\n<meta property=\"og:site_name\" content=\"Rektor Anders S\u00f6derholms blogg\" \/>\n<meta property=\"article:modified_time\" content=\"2025-05-27T11:50:29+00:00\" \/>\n<meta name=\"twitter:card\" content=\"summary_large_image\" \/>\n<meta name=\"twitter:label1\" content=\"Ber\u00e4knad l\u00e4stid\" \/>\n\t<meta name=\"twitter:data1\" content=\"1 minut\" \/>\n<script type=\"application\/ld+json\" class=\"yoast-schema-graph\">{\"@context\":\"https:\\\/\\\/schema.org\",\"@graph\":[{\"@type\":\"WebPage\",\"@id\":\"https:\\\/\\\/www.kth.se\\\/blogs\\\/rektor\\\/mer-om-anders-soderholm\\\/\",\"url\":\"https:\\\/\\\/www.kth.se\\\/blogs\\\/rektor\\\/mer-om-anders-soderholm\\\/\",\"name\":\"Mer om Anders S\u00f6derholm - Rektor Anders S\u00f6derholms blogg\",\"isPartOf\":{\"@id\":\"https:\\\/\\\/www.kth.se\\\/blogs\\\/rektor\\\/#website\"},\"datePublished\":\"2024-01-10T15:20:39+00:00\",\"dateModified\":\"2025-05-27T11:50:29+00:00\",\"breadcrumb\":{\"@id\":\"https:\\\/\\\/www.kth.se\\\/blogs\\\/rektor\\\/mer-om-anders-soderholm\\\/#breadcrumb\"},\"inLanguage\":\"sv-SE\",\"potentialAction\":[{\"@type\":\"ReadAction\",\"target\":[\"https:\\\/\\\/www.kth.se\\\/blogs\\\/rektor\\\/mer-om-anders-soderholm\\\/\"]}]},{\"@type\":\"BreadcrumbList\",\"@id\":\"https:\\\/\\\/www.kth.se\\\/blogs\\\/rektor\\\/mer-om-anders-soderholm\\\/#breadcrumb\",\"itemListElement\":[{\"@type\":\"ListItem\",\"position\":1,\"name\":\"Hem\",\"item\":\"https:\\\/\\\/www.kth.se\\\/blogs\\\/rektor\\\/\"},{\"@type\":\"ListItem\",\"position\":2,\"name\":\"Mer om Anders S\u00f6derholm\"}]},{\"@type\":\"WebSite\",\"@id\":\"https:\\\/\\\/www.kth.se\\\/blogs\\\/rektor\\\/#website\",\"url\":\"https:\\\/\\\/www.kth.se\\\/blogs\\\/rektor\\\/\",\"name\":\"Rektor Anders S\u00f6derholms blogg\",\"description\":\"\",\"potentialAction\":[{\"@type\":\"SearchAction\",\"target\":{\"@type\":\"EntryPoint\",\"urlTemplate\":\"https:\\\/\\\/www.kth.se\\\/blogs\\\/rektor\\\/?s={search_term_string}\"},\"query-input\":{\"@type\":\"PropertyValueSpecification\",\"valueRequired\":true,\"valueName\":\"search_term_string\"}}],\"inLanguage\":\"sv-SE\"}]}<\/script>\n<!-- \/ Yoast SEO plugin. -->","yoast_head_json":{"title":"Mer om Anders S\u00f6derholm - Rektor Anders S\u00f6derholms blogg","robots":{"index":"index","follow":"follow","max-snippet":"max-snippet:-1","max-image-preview":"max-image-preview:large","max-video-preview":"max-video-preview:-1"},"canonical":"https:\/\/www.kth.se\/blogs\/rektor\/mer-om-anders-soderholm\/","og_locale":"sv_SE","og_type":"article","og_title":"Mer om Anders S\u00f6derholm - Rektor Anders S\u00f6derholms blogg","og_description":"Anders S\u00f6derholm \u00e4r rektor f\u00f6r KTH sedan den 1 december 2022. I linje med KTH:s vision leder han ett KTH som tar ledningen f\u00f6r en h\u00e5llbar samh\u00e4llsutveckling. Han har arbetat inom universitet och h\u00f6gskolesektorn p\u00e5 en rad olika poster. Han kommer senast fr\u00e5n UK\u00c4, Universitetskanslers\u00e4mbetet, d\u00e4r han var mellan 2017 och september 2022. Anders S\u00f6derholm [&hellip;]","og_url":"https:\/\/www.kth.se\/blogs\/rektor\/mer-om-anders-soderholm\/","og_site_name":"Rektor Anders S\u00f6derholms blogg","article_modified_time":"2025-05-27T11:50:29+00:00","twitter_card":"summary_large_image","twitter_misc":{"Ber\u00e4knad l\u00e4stid":"1 minut"},"schema":{"@context":"https:\/\/schema.org","@graph":[{"@type":"WebPage","@id":"https:\/\/www.kth.se\/blogs\/rektor\/mer-om-anders-soderholm\/","url":"https:\/\/www.kth.se\/blogs\/rektor\/mer-om-anders-soderholm\/","name":"Mer om Anders S\u00f6derholm - Rektor Anders S\u00f6derholms blogg","isPartOf":{"@id":"https:\/\/www.kth.se\/blogs\/rektor\/#website"},"datePublished":"2024-01-10T15:20:39+00:00","dateModified":"2025-05-27T11:50:29+00:00","breadcrumb":{"@id":"https:\/\/www.kth.se\/blogs\/rektor\/mer-om-anders-soderholm\/#breadcrumb"},"inLanguage":"sv-SE","potentialAction":[{"@type":"ReadAction","target":["https:\/\/www.kth.se\/blogs\/rektor\/mer-om-anders-soderholm\/"]}]},{"@type":"BreadcrumbList","@id":"https:\/\/www.kth.se\/blogs\/rektor\/mer-om-anders-soderholm\/#breadcrumb","itemListElement":[{"@type":"ListItem","position":1,"name":"Hem","item":"https:\/\/www.kth.se\/blogs\/rektor\/"},{"@type":"ListItem","position":2,"name":"Mer om Anders S\u00f6derholm"}]},{"@type":"WebSite","@id":"https:\/\/www.kth.se\/blogs\/rektor\/#website","url":"https:\/\/www.kth.se\/blogs\/rektor\/","name":"Rektor Anders S\u00f6derholms blogg","description":"","potentialAction":[{"@type":"SearchAction","target":{"@type":"EntryPoint","urlTemplate":"https:\/\/www.kth.se\/blogs\/rektor\/?s={search_term_string}"},"query-input":{"@type":"PropertyValueSpecification","valueRequired":true,"valueName":"search_term_string"}}],"inLanguage":"sv-SE"}]}},"jetpack_sharing_enabled":true,"jetpack_shortlink":"https:\/\/wp.me\/P5kmxl-Cn","post_mailing_queue_ids":[],"_links":{"self":[{"href":"https:\/\/www.kth.se\/blogs\/rektor\/wp-json\/wp\/v2\/pages\/2379","targetHints":{"allow":["GET"]}}],"collection":[{"href":"https:\/\/www.kth.se\/blogs\/rektor\/wp-json\/wp\/v2\/pages"}],"about":[{"href":"https:\/\/www.kth.se\/blogs\/rektor\/wp-json\/wp\/v2\/types\/page"}],"author":[{"embeddable":true,"href":"https:\/\/www.kth.se\/blogs\/rektor\/wp-json\/wp\/v2\/users\/10"}],"replies":[{"embeddable":true,"href":"https:\/\/www.kth.se\/blogs\/rektor\/wp-json\/wp\/v2\/comments?post=2379"}],"version-history":[{"count":3,"href":"https:\/\/www.kth.se\/blogs\/rektor\/wp-json\/wp\/v2\/pages\/2379\/revisions"}],"predecessor-version":[{"id":2430,"href":"https:\/\/www.kth.se\/blogs\/rektor\/wp-json\/wp\/v2\/pages\/2379\/revisions\/2430"}],"wp:attachment":[{"href":"https:\/\/www.kth.se\/blogs\/rektor\/wp-json\/wp\/v2\/media?parent=2379"}],"curies":[{"name":"wp","href":"https:\/\/api.w.org\/{rel}","templated":true}]}}