{"id":17,"date":"2017-03-15T10:48:23","date_gmt":"2017-03-15T09:48:23","guid":{"rendered":"https:\/\/www.kth.se\/blogs\/tcc\/?page_id=17"},"modified":"2022-09-30T15:39:10","modified_gmt":"2022-09-30T13:39:10","slug":"publications","status":"publish","type":"page","link":"https:\/\/www.kth.se\/blogs\/tcc\/publications\/","title":{"rendered":"Publications"},"content":{"rendered":"<div class=\"post-content-wrapper\"><ol>\n<li>\u201d<strong>A Sample Efficient Multi-Agent Approach to Continuous Reinforcement Learning<\/strong>\u201d, Diarmuid Corcoran, Per Kreuger and Magnus Boman, <em>Proc 1<\/em><em>8<\/em><em>th Intl Conf on Network and Service Management (CNSM)<\/em>, IFIP, in press.<\/li>\n<li><span style=\"font-size: 1rem\">&#8220;<\/span><strong style=\"font-size: 1rem\"><a href=\"https:\/\/dl.acm.org\/doi\/abs\/10.1145\/3538394.3546039\">Prediction and Exposure of Delays from a Base Station Perspective in 5G and Beyond Networks<\/a><\/strong><span style=\"font-size: 1rem\">&#8220;,\u00a0Akhila Rao, William T\u00e4rneberg, Emma Fitzgerald, Lorenzo Corneo, Aleksandr Zavodovski, Omkar Rai, Sixten Johansson, Viktor Berggren, Hassam Riaz, Caner Kilinc, and Andreas Johnsson,\u00a0ACM SIGCOMM Workshop on 5G and Beyond Network Measurements, Modeling, and Use Cases <\/span><strong style=\"font-size: 1rem\">(5G-MeMU)<\/strong><span style=\"font-size: 1rem\">, August 2022.<\/span><\/li>\n<li>&#8220;<strong><a href=\"https:\/\/ieeexplore.ieee.org\/document\/9841468\">Machine Learning at the Mobile Edge: The Case of Dynamic Adaptive Streaming over HTTP (DASH)<\/a><\/strong>&#8220;,\u00a0Rasoul Behravesh, Akhila Rao, Daniel F Perez-Ramirez, Davit Harutyunyan, Roberto Riggio, and Magnus Boman,\u00a0IEEE Transactions on Network and Service Management <strong>(TNSM)<\/strong>, July 2022.<\/li>\n<li>&#8220;<strong><a href=\"https:\/\/kth.diva-portal.org\/smash\/record.jsf?aq2=%5B%5B%5D%5D&amp;c=1&amp;af=%5B%5D&amp;searchType=LIST_LATEST&amp;sortOrder2=title_sort_asc&amp;query=&amp;language=sv&amp;pid=diva2%3A1660342&amp;aq=%5B%5B%5D%5D&amp;sf=all&amp;aqe=%5B%5D&amp;sortOrder=author_sort_asc&amp;onlyFullText=false&amp;noOfRows=50&amp;dswid=-3136\">Understanding the Capabilities of Route Collectors to Observe Stealthy Hijacks: Does adding more monitors or reporting more paths help?<\/a><\/strong>&#8220;, Alexandros Milolidakis, Licentiate thesis, June 2022.<\/li>\n<li><a href=\"https:\/\/kth.diva-portal.org\/smash\/record.jsf?aq2=%5B%5B%5D%5D&amp;c=2&amp;af=%5B%5D&amp;searchType=SIMPLE&amp;sortOrder2=title_sort_asc&amp;query=Packet+Order+Matters%21+Improving+Application+Performance+by+Deliberately+Delaying+Packets&amp;language=en&amp;pid=diva2%3A1609944&amp;aq=%5B%5B%5D%5D&amp;sf=all&amp;aqe=%5B%5D&amp;sortOrder=author_sort_asc&amp;onlyFullText=false&amp;noOfRows=50&amp;dswid=-3458\">&#8220;<strong>Packet Order Matters! Improving Application Performance by Deliberately Delaying Packets<\/strong>&#8220;<\/a>, Hamid Ghasemirahni, Tom Barbette, Georgios P. Katsikas, Alireza Farshin, Amir Roozbeh, Massimo Girondi, Marco Chiesa, Gerald Q. Maguire Jr., and Dejan Kostic,\u00a0<em>Proceedings of the 19th USENIX Symposium on Networked Systems Design and Implementation (<strong>NSDI<\/strong>)<\/em>, April 2022.\u00a0<em><strong>Community Award!<\/strong><\/em><\/li>\n<li>\u201d<strong><a href=\"https:\/\/ieeexplore.ieee.org\/document\/9615550\">Reinforcement Learning for Automated Energy Efficient Mobile Network Performance Tuning<\/a><\/strong>\u201d, Diarmuid Corcoran, Per Kreuger and Magnus Boman, <em>Proc 17th Intl Conf on Network and Service Management (CNSM)<\/em>, IFIP, pp. 216-224, October 2021.<\/li>\n<li>&#8220;<strong><a href=\"http:\/\/kth.diva-portal.org\/smash\/record.jsf?pid=diva2%3A1579775&amp;dswid=-3872\">Metron: High Performance NFV Service Chaining Even in the Presence of Blackboxes<\/a><\/strong>&#8220;, Georgios Katsikas, Tom Barbette, Dejan Kosti\u0107, Gerald Q. Maguire Jr., and Rebecca Steinert, ACM Transactions on Computer Systems (TOCS), July 2021.<\/li>\n<li>&#8220;<a href=\"http:\/\/kth.diva-portal.org\/smash\/record.jsf?pid=diva2%3A1527198&amp;dswid=7068\"><strong>PacketMill: Toward per-core 100-Gbps Networking<\/strong><\/a>&#8220;, Alireza Farshin, Tom Barbette, Amir Roozbeh, Gerald Q. Maguire Jr., and Dejan Kosti\u0107, Proceedings of the 26th International Conference on Architectural Support for Programming Languages and Operating Systems (<strong><em>ASPLOS<\/em><\/strong>), April 2021.<\/li>\n<li>&#8220;<a href=\"https:\/\/www.diva-portal.org\/smash\/record.jsf?pid=diva2%3A1541047&amp;dswid=761\"><strong>What you need to know about (Smart) Network Interface Cards<\/strong><\/a>&#8220;, Georgios P. Katsikas, Tom Barbette, Marco Chiesa, Dejan Kostic, and Gerald Q. Maguire Jr., Proceedings of The Passive and Active Measurement Conference (<strong><em>PAM<\/em><\/strong>) 2021. April 2021.<\/li>\n<li><strong style=\"font-size: 1rem\">&#8220;<a href=\"https:\/\/ieeexplore.ieee.org\/document\/9238299\">Towards Intelligent Industry 4.0 5G Networks: A First Throughput and QoE Measurement Campaign<\/a>&#8220;<\/strong><span style=\"font-size: 1rem\">,\u00a0William T\u00e4rneberg, Omar Hamsis, John Hedlund, Kjell Brunnstr\u00f6m, Emma Fitzgerald, Andreas Johnsson, Viktor Berggren, Maria Kihl, Akhila Rao, Rebecca Steinert, and Caner Kilinc,\u00a0International Conference on Software, Telecommunications and Computer Networks <\/span><strong style=\"font-size: 1rem\">(SoftCOM)<\/strong><span style=\"font-size: 1rem\">, September 2020.<\/span><\/li>\n<li><strong>&#8220;<a href=\"http:\/\/kth.diva-portal.org\/smash\/record.jsf?pid=diva2%3A1453676&amp;dswid=7340\">Reexamining Direct Cache Access to Optimize I\/O Intensive Applications for Multi-hundred-gigabit Networks<\/a>&#8220;<\/strong>, Alireza Farshin, Amir Roozbeh, Gerald Q. Maguire Jr., and Dejan Kosti\u0107, Proceedings of the USENIX Annual Technical Conference (<em><strong>USENIX ATC<\/strong><\/em>), July 2020.<\/li>\n<li><strong>\u201c<a href=\"http:\/\/kth.diva-portal.org\/smash\/record.jsf?pid=diva2%3A1501994&amp;dswid=-8328\">Learning Combinatorial Optimization on Graphs: A Survey With Applications to Networking<\/a>\u201d<\/strong>, Natalia Vesselinova, Rebecca Steinert, Daniel F. Perez-Ramirez, and Magnus Boman, <strong>IEEE Access<\/strong> (Volume: 8), June 2020<\/li>\n<li>\u201c<a href=\"http:\/\/www.diva-portal.org\/smash\/record.jsf?pid=diva2%3A1523370&amp;dswid=-456\"><strong>ML-Driven DASH Content Pre-Fetching in MEC-Enabled Mobile Networks<\/strong><\/a>\u201d, Rasoul Behravesh, Daniel F. Perez-Ramirez, Akhila Rao, Davit Harutyunyan, Roberto Riggio, and Rebecca Steinert, 16th International Conference on Network and Service Management (<strong>CNSM<\/strong>). IEEE, 2020.<\/li>\n<li><strong>\u201c<a href=\"http:\/\/www.diva-portal.org\/smash\/record.jsf?pid=diva2%3A1421429&amp;dswid=-9560\">Demo Abstract: Elastic Deployment of Robust Distributed Control Planes with Performance Guarantees<\/a>\u201d<\/strong>, Daniel F. Perez-Ramirez, Rebecca Steinert, Natalia Vesselinova, and Dejan Kosti\u0107, <strong>IEEE INFOCOM 2020<\/strong> &#8211; IEEE Conference on Computer\u00a0 Communications Workshops<\/li>\n<li><strong>&#8220;<a href=\"https:\/\/doi.org\/10.1109\/ACCESS.2020.2984500\">Fast Deployment of Reliable Distributed Control Planes with Performance Guarantees<\/a>&#8220;<\/strong>, Shaoteng Liu, Rebecca Steinert, Natalia Vesselinova, and Dejan Kosti\u0107, <em><strong>IEEE Access<\/strong>, <\/em>April 2020.<\/li>\n<li><strong>&#8220;<a href=\"https:\/\/kth.diva-portal.org\/smash\/record.jsf?pid=diva2%3A1432918&amp;dswid=4753\">Path Persistence in the Cloud: A Study of the Effects of Inter-Region Traffic Engineering in a Large Cloud Provider&#8217;s Network<\/a>&#8220;<\/strong>, Waleed Reda, Kirill Bogdanov, Alexandros Milolidakis, Hamid Ghasemirahni, Marco Chiesa, Gerald Q. Maguire Jr., and Dejan Kosti\u0107, <em>SIGCOMM Computer Communication Review (<strong>SIGCOMM CCR<\/strong>), April 2020.<\/em><\/li>\n<li>&#8220;<a href=\"https:\/\/www.usenix.org\/conference\/nsdi20\/presentation\/barbette\"><strong>A High-Speed Load-Balancer Design with Guaranteed Per-Connection-Consistency<\/strong><\/a>&#8220;, Tom Barbette, Chen Tang, Haoran Yao, Dejan Kosti\u0107, Gerald Q. Maguire Jr., Panagiotis Papadimitratos, and Marco Chiesa, Proceedings of the 17th USENIX Symposium on Networked Systems Design and Implementation (<strong><em>NSDI<\/em><\/strong>), February 2020.<\/li>\n<li>&#8220;<a href=\"http:\/\/kth.diva-portal.org\/smash\/record.jsf?pid=diva2%3A1371780&amp;dswid=3643\"><strong>RSS++: Load and State-Aware Receive Side Scaling<\/strong><\/a>&#8220;, Tom Barbette, Georgios Katsikas, Gerald Q. Maguire Jr., and Dejan Kosti\u0107, Proceedings of the 15th International Conference on emerging Networking EXperiments and Technologies (<em><strong>ACM CoNEXT<\/strong><\/em>), December 2019.<\/li>\n<li>\u201c<a href=\"http:\/\/kth.diva-portal.org\/smash\/record.jsf?pid=diva2%3A1305108\"><strong>Realizing Low-Latency Internet Services via Low-Level Optimization of NFV Service Chains: Every nanosecond counts!<\/strong><\/a>\u201c,\u00a0Alireza Farshin, Licentiate thesis, June 2019.<\/li>\n<li>\u201c<a href=\"http:\/\/kth.diva-portal.org\/smash\/record.jsf?pid=diva2%3A1304795\"><strong>Toward Next-generation Data Centers: Principles of Software-Defined \u201cHardware\u201d Infrastructures and Resource Disaggregation<\/strong><\/a>\u201c,\u00a0Amir Roozbeh, Licentiate thesis, May 2019.<\/li>\n<li>&#8220;<strong><a href=\"http:\/\/kth.diva-portal.org\/smash\/record.jsf?pid=diva2%3A1291291&amp;dswid=-2894\">Make the Most out of Last Level Cache in Intel Processors<\/a><\/strong>&#8220;, Alireza Farshin, Amir Roozbeh, Gerald Q. Maguire Jr., and Dejan Kosti\u0107, <em>Proceedings of the Fourteenth European Conference on Computer Systems (<strong>EuroSys<\/strong><\/em>), March 2019.<\/li>\n<li><span style=\"font-weight: 400\">\u201c<strong><a href=\"http:\/\/www.diva-portal.org\/smash\/record.jsf?pid=diva2%3A1261337&amp;dswid=-274\">Enabling Fast and Accurate Run-Time Decisions in Geo-Distributed Systems: Better Achieving Service Level Objectives<\/a><\/strong>\u201c, Kirill Bogdanov, doctoral thesis, <\/span><span style=\"font-weight: 400\">November <\/span><span style=\"font-weight: 400\">2018.<\/span><\/li>\n<li>&#8220;<a href=\"https:\/\/people.kth.se\/~dejanko\/documents\/publications\/kurma-socc18.pdf\"><strong>Fast and Accurate Load Balancing for Geo-Distributed Storage Systems<\/strong><\/a>&#8220;, Kirill Bogdanov, Waleed Reda, Gerald Q. Maguire Jr., Dejan Kosti\u0107, and Marco Canini, Proceedings of the ACM Symposium on Cloud Computing 2018 (<strong><em>ACM SoCC<\/em><\/strong>), October 2018.<\/li>\n<li>&#8220;<a href=\"https:\/\/ieeexplore.ieee.org\/document\/8356736\"><strong>Software-Defined \u2018Hardware\u2019 Infrastructures: A Survey on Enabling Technologies and Open Research Directions<\/strong><\/a>&#8220;, Amir Roozbeh, Jo\u00e3o Soares, Gerald Q. Maguire Jr., Fetahi Wuhib, Chakri Padala, Mozhgan Mahloo, Daniel Turull, Vinay Yadhav, and Dejan Kosti\u0107, <em>IEEE Communications Surveys &amp; Tutorials, May 2018.<\/em><\/li>\n<li><span class=\"displayFields\"><span class=\"subTitle\">&#8220;<\/span><\/span><a href=\"http:\/\/urn.kb.se\/resolve?urn=urn:nbn:se:kth:diva-233629\"><strong><span class=\"displayFields\"><span class=\"subTitle\">NFV Service Chains at the Speed of the Underlying Commodity Hardware<\/span><\/span><\/strong><\/a><span class=\"displayFields\"><span class=\"subTitle\">&#8220;, <\/span><\/span><span class=\"displayFields\"><span class=\"subTitle\">Georgios Katsikas, doctoral thesis, September 2018.<\/span><\/span><\/li>\n<li>\u201c<strong><a href=\"http:\/\/www.diva-portal.org\/smash\/record.jsf?pid=diva2%3A1204509&amp;dswid=4672\">Probabilistic multi-RAT performance abstractions<\/a><\/strong>\u201d, Akhila Rao, Rebecca Steinert, IEEE\/IFIP NOMS 2018 Workshop: International Workshop on Management of 5G Networks (<strong>5GMan<\/strong>), April 2018, Taipei, Taiwan. <em>Best Paper Award.<\/em><\/li>\n<li>&#8220;<a href=\"http:\/\/kth.diva-portal.org\/smash\/record.jsf?pid=diva2%3A1184756&amp;dswid=7754\"><strong>Metron: NFV Service Chains at the True Speed of the Underlying Hardware<\/strong><\/a>&#8220;, Georgios Katsikas, Tom Barbette, Dejan Kosti\u0107, Rebecca Steinert, and Gerald Q. Maguire Jr., Proceedings of the 15th USENIX Symposium on Networked Systems Design and Implementation (<strong>NSDI<\/strong>), April 2018<\/li>\n<li>\u201c<a href=\"http:\/\/ri.diva-portal.org\/smash\/record.jsf?pid=diva2%3A1185511&amp;dswid=-9785\"><b>Control under Intermittent Network Partitions<\/b><\/a>\u201c, Shaoteng Liu, Rebecca Steinert, Dejan Kosti\u0107, Proceedings of the IEEE International Conference on Communications (<strong>ICC<\/strong>), May 2018.<\/li>\n<li>\u201c<a href=\"http:\/\/ri.diva-portal.org\/smash\/record.jsf?pid=diva2%3A1185510&amp;dswid=2081\"><b>Flexible distributed control plane deployment<\/b><\/a>\u201c, Shaoteng Liu, Rebecca Steinert, Dejan Kosti\u0107, Proceedings of the IEEE\/IFIP Network Operations and Management Symposium, SDN miniconference (<strong>NOMS MC SDN<\/strong>), April 2018.<\/li>\n<li>&#8220;<a href=\"http:\/\/kth.diva-portal.org\/smash\/record.jsf?pid=diva2%3A1184865&amp;dswid=-6201\"><strong>Dynamic, Fine-Grained Data Plane Monitoring with Monocle<\/strong><\/a>&#8220;, Peter Pere\u0161\u00edni, Maciej Kuzniar, and Dejan Kosti\u0107,\u00a0<em><strong>IEEE\/ACM<\/strong> <strong>Transactions on Networking<\/strong>, 2018,<\/em> <em>Volume: 26 Issue: 1. <\/em><\/li>\n<li>&#8220;<strong><a href=\"http:\/\/kth.diva-portal.org\/smash\/record.jsf?pid=diva2%3A1184868&amp;dswid=-8086\">Methodology, Measurement and Analysis of Flow Table Update Characteristics in Hardware OpenFlow Switches<\/a><\/strong>&#8220;, Maciej Kuzniar, Peter Pere\u0161\u00edni, Dejan Kosti\u0107, and Marco Canini, <em><strong>Computer Networks<\/strong>: The International Journal of Computer and Telecommunications Networking<\/em>, <em>Elsevier,<\/em> 2018<em>.\u00a0<\/em><em>Networking, 2018,<\/em> <em>Volume: 26 Issue: 1.<\/em><\/li>\n<li>\u201c<a href=\"https:\/\/doi.org\/10.1002\/nem.2014\"><b>Distributed dynamic load balancing with applications in radio access networks<\/b><\/a>\u201c, Per Kreuger, Rebecca Steinert, Olof G\u00f6rnerup, Daniel Gillblad, International Journal of Network Management (<strong>IJNM<\/strong>), 2017.<\/li>\n<li>&#8220;<a href=\"https:\/\/people.kth.se\/~dejanko\/documents\/publications\/rein-eurosys17.pdf\"><strong>Rein: Taming Tail Latency in Key-Value Stores via Multiget Scheduling<\/strong><\/a>&#8220;, Waleed Reda, Marco Canini, Lalith Suresh, Dejan Kosti\u0107, and Sean Braithwaite, <em>Proceedings of the Twelfth European Conference on Computer Systems (<strong>EuroSys<\/strong><\/em>), April 2017.<\/li>\n<\/ol>\n<\/div>","protected":false},"excerpt":{"rendered":"<p>\u201dA Sample Efficient Multi-Agent Approach to Continuous Reinforcement Learning\u201d, Diarmuid Corcoran, Per Kreuger and Magnus Boman, Proc 18th Intl Conf on Network and Service Management (CNSM), IFIP, in press. &#8220;Prediction and Exposure of Delays from a Base Station Perspective in 5G and Beyond Networks&#8220;,\u00a0Akhila Rao, William T\u00e4rneberg, Emma Fitzgerald, Lorenzo Corneo, Aleksandr Zavodovski, Omkar Rai, [&hellip;]<\/p>\n","protected":false},"author":621,"featured_media":0,"parent":0,"menu_order":0,"comment_status":"closed","ping_status":"closed","template":"","meta":{"inline_featured_image":false,"footnotes":""},"class_list":["post-17","page","type-page","status-publish","hentry"],"jetpack_sharing_enabled":true,"jetpack_shortlink":"https:\/\/wp.me\/P8flZy-h","_links":{"self":[{"href":"https:\/\/www.kth.se\/blogs\/tcc\/wp-json\/wp\/v2\/pages\/17","targetHints":{"allow":["GET"]}}],"collection":[{"href":"https:\/\/www.kth.se\/blogs\/tcc\/wp-json\/wp\/v2\/pages"}],"about":[{"href":"https:\/\/www.kth.se\/blogs\/tcc\/wp-json\/wp\/v2\/types\/page"}],"author":[{"embeddable":true,"href":"https:\/\/www.kth.se\/blogs\/tcc\/wp-json\/wp\/v2\/users\/621"}],"replies":[{"embeddable":true,"href":"https:\/\/www.kth.se\/blogs\/tcc\/wp-json\/wp\/v2\/comments?post=17"}],"version-history":[{"count":57,"href":"https:\/\/www.kth.se\/blogs\/tcc\/wp-json\/wp\/v2\/pages\/17\/revisions"}],"predecessor-version":[{"id":368,"href":"https:\/\/www.kth.se\/blogs\/tcc\/wp-json\/wp\/v2\/pages\/17\/revisions\/368"}],"wp:attachment":[{"href":"https:\/\/www.kth.se\/blogs\/tcc\/wp-json\/wp\/v2\/media?parent=17"}],"curies":[{"name":"wp","href":"https:\/\/api.w.org\/{rel}","templated":true}]}}