{"id":12,"date":"2017-08-25T16:00:04","date_gmt":"2017-08-25T14:00:04","guid":{"rendered":"https:\/\/www.kth.se\/blogs\/tel\/?page_id=12"},"modified":"2017-08-25T16:00:04","modified_gmt":"2017-08-25T14:00:04","slug":"om","status":"publish","type":"page","link":"https:\/\/www.kth.se\/blogs\/tel\/om\/","title":{"rendered":"Om"},"content":{"rendered":"<div class=\"post-content-wrapper\"><p>Den h\u00e4r bloggen<span lang=\"sv\">\u00a0drivs av forskargruppen f\u00f6r Teknikf\u00f6rst\u00e4rkt l\u00e4rande vid KTH f\u00f6r att sprida v\u00e5ra forskningsintressen i ett mer l\u00e4ttsm\u00e4lt format \u00e4n forskningsartiklar. Vi kommer att g\u00f6ra det p\u00e5 engelska, men n\u00e4r vi tror att det finns ett allm\u00e4nintresse, l\u00e4gger vi till \u00f6vers\u00e4ttningar p\u00e5 svenska ocks\u00e5.<\/span><\/p>\n<\/div>","protected":false},"excerpt":{"rendered":"<p>Den h\u00e4r bloggen\u00a0drivs av forskargruppen f\u00f6r Teknikf\u00f6rst\u00e4rkt l\u00e4rande vid KTH f\u00f6r att sprida v\u00e5ra forskningsintressen i ett mer l\u00e4ttsm\u00e4lt format \u00e4n forskningsartiklar. Vi kommer att g\u00f6ra det p\u00e5 engelska, men n\u00e4r vi tror att det finns ett allm\u00e4nintresse, l\u00e4gger vi till \u00f6vers\u00e4ttningar p\u00e5 svenska ocks\u00e5.<\/p>\n","protected":false},"author":1072,"featured_media":0,"parent":0,"menu_order":0,"comment_status":"closed","ping_status":"closed","template":"","meta":{"inline_featured_image":false,"jetpack_post_was_ever_published":false,"footnotes":""},"class_list":["post-12","page","type-page","status-publish","hentry"],"jetpack_sharing_enabled":true,"jetpack_shortlink":"https:\/\/wp.me\/P8N4zp-c","post_mailing_queue_ids":[],"_links":{"self":[{"href":"https:\/\/www.kth.se\/blogs\/tel\/wp-json\/wp\/v2\/pages\/12","targetHints":{"allow":["GET"]}}],"collection":[{"href":"https:\/\/www.kth.se\/blogs\/tel\/wp-json\/wp\/v2\/pages"}],"about":[{"href":"https:\/\/www.kth.se\/blogs\/tel\/wp-json\/wp\/v2\/types\/page"}],"author":[{"embeddable":true,"href":"https:\/\/www.kth.se\/blogs\/tel\/wp-json\/wp\/v2\/users\/1072"}],"replies":[{"embeddable":true,"href":"https:\/\/www.kth.se\/blogs\/tel\/wp-json\/wp\/v2\/comments?post=12"}],"version-history":[{"count":1,"href":"https:\/\/www.kth.se\/blogs\/tel\/wp-json\/wp\/v2\/pages\/12\/revisions"}],"predecessor-version":[{"id":13,"href":"https:\/\/www.kth.se\/blogs\/tel\/wp-json\/wp\/v2\/pages\/12\/revisions\/13"}],"wp:attachment":[{"href":"https:\/\/www.kth.se\/blogs\/tel\/wp-json\/wp\/v2\/media?parent=12"}],"curies":[{"name":"wp","href":"https:\/\/api.w.org\/{rel}","templated":true}]}}