{"id":27,"date":"2014-10-17T13:24:05","date_gmt":"2014-10-17T11:24:05","guid":{"rendered":"http:\/\/www.kth.se\/blogs\/wov\/?page_id=27"},"modified":"2018-06-03T14:12:08","modified_gmt":"2018-06-03T12:12:08","slug":"about","status":"publish","type":"page","link":"https:\/\/www.kth.se\/blogs\/wov\/about\/","title":{"rendered":"About"},"content":{"rendered":"<div class=\"post-content-wrapper\"><h1><a href=\"https:\/\/www.kth.se\/blogs\/wov\/files\/2016\/03\/WOV.gif\" rel=\"attachment wp-att-35\"><img loading=\"lazy\" decoding=\"async\" class=\"size-full wp-image-35 aligncenter\" src=\"https:\/\/www.kth.se\/blogs\/wov\/files\/2016\/03\/WOV.gif\" alt=\"WOV\" width=\"394\" height=\"191\" \/><\/a><\/h1>\n<h2>KTH receives new funding for 500 \u00b0C operation of electronics<\/h2>\n<h3>Silicon Carbide (SiC) Electronics for Extreme Conditions.<\/h3>\n<p>The Knut and Alice Wallenberg Foundation granted the project WOV &#8211; Working on Venus almost 23 MSEK for 5 years. We will demonstrate for the first time all the electronics needed for working on Venus. The surface temperature of 460 \u00b0C is extremely challenging, and the electronics of earlier landers on Venus in the seventies failed after a few hours. Basic scientific investigation of the atmosphere of Venus and seismic activities over time would be useful for climate modeling and planetary understanding. Imaging could answer the question of whether there is or has been life on Venus.<\/p>\n<p>Principal investigator: Prof. Mikael \u00d6stling, KTH ICT<br \/>\nCo-investigators:<br \/>\nAdj. Prof. Christer Fuglesang, KTH SCI<br \/>\nProf. Carl-Mikael Zetterling, Prof. Ana Rusu, Assoc. Prof. Gunnar Malm, KTH ICT<br \/>\nProf. Hans-Peter Nee, Prof. Frank Niklaus, KTH EES<br \/>\nProf. Anita Lloyd Spetz, LiU<\/p>\n<p><a href=\"http:\/\/www.kth.se\/aktuellt\/nyheter\/kth-far-pengar-till-venus-forskning-1.419332\" target=\"_blank\">Press Release in Swedish<\/a><\/p>\n<p><a href=\"http:\/\/techworld.idg.se\/2.2524\/1.563041\/kretsar-som-tal-500-grader\" target=\"_blank\">Article in TechWorld nr 3, 2014 (in Swedish)<\/a><\/p>\n<p>Read more about the high temperature work on our <a href=\"http:\/\/www.hotsic.se\/\">HOTSiC project site<\/a> or in the references below:<\/p>\n<p><a href=\"http:\/\/dx.doi.org\/10.1002\/9781118678107.ch7\" target=\"_blank\">Silicon Carbide High Temperature Electronics \u2013 Is This Rocket Science?<\/a><br \/>\n<a href=\"http:\/\/www.kth.se\/profile\/bellman\/\" target=\"_blank\">Zetterling, C.-M.<\/a><br \/>\nFuture Trends in Microelectronics: Frontiers and Innovations, ch. 7, p. 102<br \/>\nEdited by Luiryi, S., Xu, J. and Zaslavsky, A., John Wiley &amp; Sons, 2013.<\/p>\n<p><a href=\"http:\/\/dx.doi.org\/10.1016\/j.sna.2015.12.025\" target=\"_blank\">Capacitive inertial sensing at high temperatures of up to 400 \u00b0C<\/a><br \/>\nMikhail Asiatici, Andreas C. Fischer, Henrik R\u00f6djeg\u00e5rd, Sjoerd Haasl, G\u00f6ran Stemme, Frank Niklaus<br \/>\nSensors and Actuators A: Physical, Volume 238, Pages 361\u2013368, February 2016<\/p>\n<p><a href=\"http:\/\/dx.doi.org\/10.1109\/LED.2016.2618122\" target=\"_blank\">550 \u00b0C 4H-SiC p-i-n Photodiode Array With Two-Layer Metallization<\/a><br \/>\nHou, S., Hellstr\u00f6m, P.-E., Zetterling, C.-M., and \u00d6stling, M.<br \/>\nIEEE Electron Device Letters, vol. 37, p. 1594, 2016.<\/p>\n<p><a href=\"http:\/\/dx.doi.org\/10.1149\/2.0041705jss\" target=\"_blank\">A Wafer-Scale Ni-Salicide Contact Technology on n-Type 4H-SiC<\/a><br \/>\nElahipanah, H., Asadollahi, A., Ekstr\u00f6m, M., Salemi, A., Zetterling, C.-M., and \u00d6stling, M.<br \/>\nJ. Solid State Science and Technology, vol 6, p. 197, 2017.<\/p>\n<p><a href=\"http:\/\/dx.doi.org\/10.1007\/s11664-017-5447-3\" target=\"_blank\">Integration and High-Temperature Characterization of Ferroelectric Vanadium-Doped Bismuth Titanate Thin Films on Silicon Carbide<\/a><br \/>\nEkstr\u00f6m, M., Khartsev, S., \u00d6stling, M. and Zetterling, C.-M., J. Electronic Materials, 2017.<\/p>\n<p><a href=\"http:\/\/dx.doi.org\/10.4028\/www.scientific.net\/MSF.897.630\" target=\"_blank\">4H-SiC PIN Diode as High Temperature Multifunction Sensor<\/a><br \/>\nHou, S., Hellstr\u00f6m, P.-E., Zetterling, C.-M., and \u00d6stling, M., Materials Science Forum, 897, p. 630, 2017.<\/p>\n<p><a href=\"https:\/\/arxiv.org\/abs\/1611.03365\" target=\"_blank\">Venus Long-life Surface Package<\/a><br \/>\nC. Wilson, C.-M. Zetterling, W. T. Pike, arXiv:1611.03365v1<\/p>\n<p><a href=\"https:\/\/doi.org\/10.1109\/TED.2018.2804392\" target=\"_blank\">An Intermediate Frequency Amplifier for High-Temperature Applications<\/a><br \/>\nMuhammad Waqar Hussain; Hossein Elahipanah; Stephan Schr\u00f6der; Saul Rodriguez; Bengt Gunnar Malm; Mikael \u00d6stling; Ana Rusu, IEEE Transactions on Electron Devices, 65, pp. 1411 &#8211; 1418, 2018<\/p>\n<p><a href=\"https:\/\/doi.org\/10.1109\/LED.2018.2829628\" target=\"_blank\">A 500 \u00b0C Active Down-Conversion Mixer in Silicon Carbide Bipolar Technology<\/a><br \/>\nMuhammad Waqar Hussain; Hossein Elahipanah; John E. Zumbro; Stephan Schr\u00f6der; Saul Rodriguez; Bengt Gunnar Malm; Homer Alan Mantooth; Ana Rusu, IEEE Electron Device Letters, 39, pp. 855 &#8211; 858, 2018<\/p>\n<\/div>","protected":false},"excerpt":{"rendered":"<p>KTH receives new funding for 500 \u00b0C operation of electronics Silicon Carbide (SiC) Electronics for Extreme Conditions. The Knut and Alice Wallenberg Foundation granted the project WOV &#8211; Working on Venus almost 23 MSEK for 5 years. We will demonstrate for the first time all the electronics needed for working on Venus. The surface temperature [&hellip;]<\/p>\n","protected":false},"author":528,"featured_media":0,"parent":0,"menu_order":0,"comment_status":"closed","ping_status":"closed","template":"","meta":{"inline_featured_image":false,"jetpack_post_was_ever_published":false,"footnotes":""},"class_list":["post-27","page","type-page","status-publish","hentry"],"jetpack_sharing_enabled":true,"jetpack_shortlink":"https:\/\/wp.me\/P5kmE6-r","_links":{"self":[{"href":"https:\/\/www.kth.se\/blogs\/wov\/wp-json\/wp\/v2\/pages\/27","targetHints":{"allow":["GET"]}}],"collection":[{"href":"https:\/\/www.kth.se\/blogs\/wov\/wp-json\/wp\/v2\/pages"}],"about":[{"href":"https:\/\/www.kth.se\/blogs\/wov\/wp-json\/wp\/v2\/types\/page"}],"author":[{"embeddable":true,"href":"https:\/\/www.kth.se\/blogs\/wov\/wp-json\/wp\/v2\/users\/528"}],"replies":[{"embeddable":true,"href":"https:\/\/www.kth.se\/blogs\/wov\/wp-json\/wp\/v2\/comments?post=27"}],"version-history":[{"count":13,"href":"https:\/\/www.kth.se\/blogs\/wov\/wp-json\/wp\/v2\/pages\/27\/revisions"}],"predecessor-version":[{"id":72,"href":"https:\/\/www.kth.se\/blogs\/wov\/wp-json\/wp\/v2\/pages\/27\/revisions\/72"}],"wp:attachment":[{"href":"https:\/\/www.kth.se\/blogs\/wov\/wp-json\/wp\/v2\/media?parent=27"}],"curies":[{"name":"wp","href":"https:\/\/api.w.org\/{rel}","templated":true}]}}