{"id":2,"date":"2010-11-18T10:35:24","date_gmt":"2010-11-18T10:35:24","guid":{"rendered":"http:\/\/www.kth.se\/blogs\/?page_id=2"},"modified":"2025-03-03T15:20:15","modified_gmt":"2025-03-03T14:20:15","slug":"om","status":"publish","type":"page","link":"https:\/\/www.kth.se\/blogs\/","title":{"rendered":"Om bloggar p\u00e5 KTH"},"content":{"rendered":"<div class=\"post-content-wrapper\"><p><strong><br \/>\nKTH:s blogg-tj\u00e4nst \u00e4r ett verktyg som m\u00f6jligg\u00f6r f\u00f6r KTH:s verksamheter att snabbt och enkelt f\u00f6rmedla l\u00f6pande information p\u00e5 webben och via kommentars- och delningsfunktioner f\u00e5 \u00e5terkoppling p\u00e5 inneh\u00e5llet. Blogg-tj\u00e4nsten \u00e4r avsedd f\u00f6r funktioner p\u00e5 KTH som vill kunna belysa den egna verksamheten i fl\u00f6desform och f\u00f6rmedla aktuella h\u00e4ndelser, s\u00e5som ett mer dynamiskt komplement till information i KTH:s \u00f6vriga webbmilj\u00f6er. <\/strong><\/p>\n<p>Hittar du som bes\u00f6kare inneh\u00e5ll p\u00e5 n\u00e5gon av KTH:s bloggar som du bed\u00f6mer som otill\u00e5tet v\u00e4nligen inrapportera detta till <a href=\"mailto:abuse@kth.se\">abuse@kth.se<\/a> med angivelse av webbadress f\u00f6r den aktuella sidan. Avser din anm\u00e4lan kommentar till blogginl\u00e4gg anv\u00e4nd formul\u00e4ret som n\u00e5s fr\u00e5n l\u00e4nken \u201dAnm\u00e4l\u201d i anslutning till kommentaren.<\/p>\n<p>\u00d6nskar du som KTH-anst\u00e4lld starta en blogg kontakta <a href=\"mailto:it-support@kth.se\">it-support@kth.se<\/a>. L\u00e4s dock igenom informationen nedan f\u00f6rst.<\/p>\n<p><strong>Ansvarsroller<\/strong><\/p>\n<p>Blogg-tj\u00e4nsten tillhandah\u00e5lls endast f\u00f6r anv\u00e4ndande inom ramen f\u00f6r KTH:s verksamhet. Bloggarna \u00e4r likst\u00e4llda med officiella webbsidor och har myndigheten KTH som avs\u00e4ndare. Tj\u00e4nsten f\u00e5r d\u00e4rmed inte anv\u00e4ndas f\u00f6r s\u00e5 kallade personliga webbsidor eller privata \u00e4ndam\u00e5l.<\/p>\n<p>Inneh\u00e5llet i webbsidor p\u00e5 KTH regleras av f\u00f6reskriften <a href=\"https:\/\/intra.kth.se\/polopoly_fs\/1.1249793.1682068054!\/Universitetsgemensam-rutin-for-KTHs-narvaro-i-webbaserade-kanaler.pdf\" target=\"_blank\" rel=\"noopener\">Universitetsgemensam rutin f\u00f6r KTH:s n\u00e4rvaro i webbaserade kanaler (pdf 295 kB)<\/a>.<\/p>\n<p>Vid uppr\u00e4ttande av ny blogg p\u00e5 KTH utser eller godk\u00e4nner ansvarig chef sidansvariga f\u00f6r bloggen, det vill s\u00e4gas den eller de personer som f\u00f6r KTH:s r\u00e4kning tryggar att bloggen uppfyller sitt syfte och att publicering sker i enlighet med lagar och riktlinjer. Detta ansvar kan inte delegeras till icke-anst\u00e4llda personer som publicerar sig via bloggen.<\/p>\n<p>P\u00e5 bloggen ska det framg\u00e5 vilken organisationsenhet som \u00e4r ansvarig f\u00f6r inneh\u00e5llet.<\/p>\n<p>Den centrala f\u00f6rvaltningsgruppen f\u00f6r KTH:s webbplats g\u00f6r stickprovskontroller av inneh\u00e5llet p\u00e5 bloggarna.<\/p>\n<p><strong>Syfte<\/strong><\/p>\n<p>Bloggar p\u00e5 KTH ska i huvudsak beskriva verksamhet p\u00e5 KTH. Vilken verksamhet som bloggen belyser ska framg\u00e5 av den beskrivning som nedtecknas i samband med uppr\u00e4ttandet av bloggen. Den centrala f\u00f6rvaltningsgruppen bevakar inom ramen f\u00f6r stickprovskontroller att inneh\u00e5llet i bloggen motsvarar syftet.<\/p>\n<p><strong>Student- och alumnibloggar<\/strong><\/p>\n<p>Studenter som bloggar p\u00e5 KTH \u00e4r g\u00e4stskribenter. Syftet \u00e4r att l\u00e4saren ska l\u00e4ra k\u00e4nna n\u00e5gra av KTH:s studenter och f\u00e5 insyn i deras vardag. Bloggarna kan d\u00e4rf\u00f6r delvis vara mycket personliga. De \u00e5sikter som framf\u00f6rs i blogginl\u00e4gg eller kommentarer delas inte n\u00f6dv\u00e4ndigtvis av KTH. KTH ansvarar heller inte f\u00f6r faktauppgifter i inl\u00e4gg eller kommentarer.<\/p>\n<p><strong>Kommentarfunktion<\/strong><\/p>\n<p>Blogg-tj\u00e4nsten medger anv\u00e4ndargenererat inneh\u00e5ll via kommentarfunktion. Detta \u00e4r f\u00f6renat med omst\u00e4ndigheter som kr\u00e4ver extra vaksamhet.<\/p>\n<p>F\u00f6r att trygga att otillb\u00f6rlig information inte publiceras har KTH en l\u00e5ngtg\u00e5ende <em>uppsiktsskyldighet<\/em> \u00f6ver webbmilj\u00f6er som till\u00e5ter utomst\u00e5ende part att publicera inneh\u00e5ll. Kraven p\u00e5 inneh\u00e5llet i kommentarer \u00e4r de samma som f\u00f6r \u00f6vrig publicering p\u00e5 KTH:s webbplatser. Se f\u00f6reskrifterna inl\u00e4nkade ovan.<\/p>\n<p>Publicering av kommentarer kan antingen ske direkt eller via f\u00f6rhandsmoderering, det vill s\u00e4ga blogginnehavaren m\u00e5ste f\u00f6rst godk\u00e4nna kommentarer innan de publiceras.<\/p>\n<p>Det \u00e5ligger blogginnehavare som inte kan trygga daglig uppsikt av inkomna kommentarer att till\u00e4mpa f\u00f6rhandsmoderering eller avaktivera kommentarfunktionen helt. Observera att \u00e4ven f\u00f6rhandsmoderering kr\u00e4ver uppsikt och enligt god sed skyndsam hantering.<\/p>\n<p>Inom ramen f\u00f6r KTH:s <em>serviceskyldighet<\/em> m\u00e5ste kommentarer som kr\u00e4ver vidare hantering vidaref\u00f6rmedlas till relevant KTH-funktion, d\u00e4r bed\u00f6mning ocks\u00e5 g\u00f6rs om inneh\u00e5llet ska diarief\u00f6ras. Vidare \u00e4r kommentarer att anse som allm\u00e4nna handlingar och ska d\u00e4rf\u00f6r alltid vara tillg\u00e4ngliga f\u00f6r ett utl\u00e4mnande. Blogginnehavaren b\u00f6r d\u00e4rf\u00f6r inte radera inkomna kommentarer, oavsett om dessa inte publiceras p\u00e5 bloggen eller inte f\u00f6ranleder vidarebefordran till annan instans.<\/p>\n<p>Publicerad kommentar med inneh\u00e5ll som strider mot punkterna under rubriken \u201dOtill\u00e5tet inneh\u00e5ll\u201d ska bevaras innan den raderas fr\u00e5n bloggen. KTH \u00e4r skyldigt att f\u00f6ra olaglig information vidare till polis eller annan myndighet. L\u00e4mplig \u00e5tg\u00e4rd f\u00f6r bevarande av ol\u00e4mpligt inneh\u00e5ll \u00e4r att anm\u00e4la inneh\u00e5llet via anm\u00e4lningsfunktionen (se rubrik \u201dAnm\u00e4lan\u201d) och att spara ned en s\u00e5 kallad sk\u00e4rmdump av inneh\u00e5llet innan det avl\u00e4gsnas. Vid os\u00e4kerhet kring detta kontakta <a href=\"mailto:abuse@kth.se\">abuse@kth.se<\/a>.<\/p>\n<p>I enlighet med lagen om elektroniska anslagstavlor informeras bes\u00f6kare som l\u00e4mnar kommentar i blogg om att ins\u00e4nda meddelanden kommer att g\u00f6ras tillg\u00e4ngliga f\u00f6r andra bes\u00f6kare.<\/p>\n<p><strong>Anm\u00e4lan<\/strong><\/p>\n<p>I anslutning till inl\u00e4gg och kommentarer p\u00e5 KTH:s bloggar finns en anm\u00e4lningsknapp som leder till ett formul\u00e4r d\u00e4r bes\u00f6karen kan rapportera in ol\u00e4mpligt inneh\u00e5ll. Ifyllda formul\u00e4r skickas till IT-avdelningens s\u00e4kerhetsgrupp f\u00f6r vidare hantering. Av formul\u00e4ret framg\u00e5r vilken sida anm\u00e4lan avser. S\u00e5v\u00e4l blogginnehavare som bes\u00f6kare uppmanas att anm\u00e4la material som bryter mot lag via denna anm\u00e4lningsfunktion.<\/p>\n<p><strong>Drift och underh\u00e5ll<\/strong><\/p>\n<p>Blogg-tj\u00e4nsten anv\u00e4nder blogg- och inneh\u00e5llshanteringssystemet WordPress. KTH:s centrala webbf\u00f6rvaltningsgrupp f\u00f6rvaltar tj\u00e4nsten och s\u00e4kerst\u00e4ller drift och funktion.<\/p>\n<h1>Om kommentarer p\u00e5 KTH<\/h1>\n<p>Text som beskriver vad som g\u00e4ller kommentarer\/kommentering p\u00e5 KTH:s bloggtj\u00e4nst&#8230;<\/p>\n<p>Denna sida kommer l\u00e4nkas in fr\u00e5n respektive inl\u00e4gg\/sida d\u00e4r kommentarer \u00e4r p\u00e5slagna.<\/p>\n<p>Genom kommentarsfunktionen kan du ge respons p\u00e5 blogginneh\u00e5llet. T\u00e4nk p\u00e5 att det \u00e4r du som publicerar kommentarer som ansvarar f\u00f6r inneh\u00e5llet.<\/p>\n<p>Genom att anv\u00e4nda kommentarsfunktionen f\u00f6rbinder du dig<\/p>\n<ul>\n<li>Att endast publicera kommentarer som \u00e4r relevanta med avseende p\u00e5 bloggens inneh\u00e5ll<\/li>\n<li>Att anv\u00e4nda ett sakligt och v\u00e5rdat spr\u00e5k<\/li>\n<li>Att inte publicera kommentarer som bryter mot lagar eller KTH:s f\u00f6reskrifter eller som inneh\u00e5ller internetadresser till s\u00e5dant inneh\u00e5ll<\/li>\n<li>Att inte publicera kommentarer som inneh\u00e5ller personangrepp eller kan vara till skada f\u00f6r enskild person<\/li>\n<li>Att inte publicera samma kommentar flera g\u00e5nger eller p\u00e5 liknande s\u00e4tt st\u00f6ra eller sabotera diskussionen<\/li>\n<\/ul>\n<p>Blogginnehavaren h\u00e5ller kontinuerlig uppsikt \u00f6ver publicerade kommentarer och tar bort kommentarer som bed\u00f6ms bryta mot ovanst\u00e5ende punkter.<\/p>\n<p>Kommentarer utg\u00f6r allm\u00e4nna handlingar inkomna till myndigheten KTH och kan d\u00e4rf\u00f6r beg\u00e4ras ut av tredje part.<\/p>\n<p>Kommentarer kan komma att raderas (gallras) sedan en viss tid f\u00f6rflutit efter publicering.<\/p>\n<p>Eventuell portr\u00e4ttbild i anslutning till publicerad kommentar \u00e4r h\u00e4mtad fr\u00e5n antingen avs\u00e4ndarens profilbild p\u00e5 <a href=\"http:\/\/www.gravatar.com\/\">www.gravatar.com<\/a> eller i de fall avs\u00e4ndaren \u00e4r inloggad som KTH-anv\u00e4ndare fr\u00e5n dennes profilsida p\u00e5 KTH:s webbplats.<\/p>\n<\/div>","protected":false},"excerpt":{"rendered":"<p>KTH:s blogg-tj\u00e4nst \u00e4r ett verktyg som m\u00f6jligg\u00f6r f\u00f6r KTH:s verksamheter att snabbt och enkelt f\u00f6rmedla l\u00f6pande information p\u00e5 webben och via kommentars- och delningsfunktioner f\u00e5 \u00e5terkoppling p\u00e5 inneh\u00e5llet. Blogg-tj\u00e4nsten \u00e4r avsedd f\u00f6r funktioner p\u00e5 KTH som vill kunna belysa den egna verksamheten i fl\u00f6desform och f\u00f6rmedla aktuella h\u00e4ndelser, s\u00e5som ett mer dynamiskt komplement till information [&hellip;]<\/p>\n","protected":false},"author":1,"featured_media":0,"parent":0,"menu_order":0,"comment_status":"closed","ping_status":"closed","template":"","meta":{"inline_featured_image":false,"jetpack_post_was_ever_published":false,"footnotes":""},"class_list":["post-2","page","type-page","status-publish","hentry"],"jetpack_sharing_enabled":true,"_links":{"self":[{"href":"https:\/\/www.kth.se\/blogs\/wp-json\/wp\/v2\/pages\/2","targetHints":{"allow":["GET"]}}],"collection":[{"href":"https:\/\/www.kth.se\/blogs\/wp-json\/wp\/v2\/pages"}],"about":[{"href":"https:\/\/www.kth.se\/blogs\/wp-json\/wp\/v2\/types\/page"}],"author":[{"embeddable":true,"href":"https:\/\/www.kth.se\/blogs\/wp-json\/wp\/v2\/users\/1"}],"replies":[{"embeddable":true,"href":"https:\/\/www.kth.se\/blogs\/wp-json\/wp\/v2\/comments?post=2"}],"version-history":[{"count":13,"href":"https:\/\/www.kth.se\/blogs\/wp-json\/wp\/v2\/pages\/2\/revisions"}],"predecessor-version":[{"id":1695,"href":"https:\/\/www.kth.se\/blogs\/wp-json\/wp\/v2\/pages\/2\/revisions\/1695"}],"wp:attachment":[{"href":"https:\/\/www.kth.se\/blogs\/wp-json\/wp\/v2\/media?parent=2"}],"curies":[{"name":"wp","href":"https:\/\/api.w.org\/{rel}","templated":true}]}}